										  
											  
											 {"id":2,"date":"2014-04-29T08:38:47","date_gmt":"2014-04-29T08:38:47","guid":{"rendered":"http:\/\/hallbartbyggande.com\/hevingohagglund\/?page_id=2"},"modified":"2014-05-13T09:57:22","modified_gmt":"2014-05-13T07:57:22","slug":"exempelsida","status":"publish","type":"page","link":"https:\/\/hallbartbyggande.com\/hevingohagglund\/","title":{"rendered":"Om Heving &#038; H\u00e4gglund"},"content":{"rendered":"<h4>Heving &amp; H\u00e4gglund AB startades 1998 av H\u00e5kan Heving och Jan H\u00e4gglund. Vi arbetar idag framg\u00e5ngsrikt med att renovera, bygga om och bygga nytt.<\/h4>\n<p>Heving &amp; H\u00e4gglund \u00e4r ett modernt effektivt byggf\u00f6retag med stor teknik- och byggm\u00e4starkunnande som framf\u00f6rallt verkar inom ROT-sektorn n\u00e4r det g\u00e4ller kulturhus, sjukhus, skolor, kontor och liknande \u00f6ver hela Stor-Stockholm. V\u00e5r specialitet \u00e4r kr\u00e4vande, teknikintensiva ombyggnader. Tradition och omtanke \u00e4r grunden i v\u00e5rt syns\u00e4tt vilket borgar f\u00f6r ett gott slutresultat. Med v\u00e5r flexibla organisation och stora kunnande klarar vi av entreprenader i alla storlekar. Vi har dessutom en v\u00e4l utformad byggserviceavdelning.<b> <\/b><\/p>\n<p>V\u00e5rt kontor samt serviceverkstad \u00e4r bel\u00e4gna i moderna lokaler i V\u00e4stberga. Allt arbete skall genomf\u00f6ras med ledorden milj\u00f6, kvalitet, tid och ekonomi. Vilket inneb\u00e4r ett h\u00f6gt kundv\u00e4rde f\u00f6r best\u00e4llaren samt borgar f\u00f6r ett gott och l\u00e5ngsiktigt samarbete.<\/p>\n","protected":false},"excerpt":{"rendered":"<p>Heving &amp; H\u00e4gglund AB startades 1998 av H\u00e5kan Heving och Jan H\u00e4gglund. Vi arbetar idag framg\u00e5ngsrikt med att renovera, bygga om och bygga nytt. Heving &amp; H\u00e4gglund \u00e4r ett modernt effektivt byggf\u00f6retag med stor teknik- och byggm\u00e4starkunnande som framf\u00f6rallt verkar inom ROT-sektorn n\u00e4r det g\u00e4ller kulturhus, sjukhus, skolor, kontor och liknande \u00f6ver hela Stor-Stockholm. V\u00e5r &#8230;<\/p>\n","protected":false},"author":20,"featured_media":0,"parent":0,"menu_order":0,"comment_status":"open","ping_status":"open","template":"","meta":{"_monsterinsights_skip_tracking":false,"_monsterinsights_sitenote_active":false,"_monsterinsights_sitenote_note":"","_monsterinsights_sitenote_category":0,"_links_to":"","_links_to_target":""},"_links":{"self":[{"href":"https:\/\/hallbartbyggande.com\/hevingohagglund\/wp-json\/wp\/v2\/pages\/2"}],"collection":[{"href":"https:\/\/hallbartbyggande.com\/hevingohagglund\/wp-json\/wp\/v2\/pages"}],"about":[{"href":"https:\/\/hallbartbyggande.com\/hevingohagglund\/wp-json\/wp\/v2\/types\/page"}],"author":[{"embeddable":true,"href":"https:\/\/hallbartbyggande.com\/hevingohagglund\/wp-json\/wp\/v2\/users\/20"}],"replies":[{"embeddable":true,"href":"https:\/\/hallbartbyggande.com\/hevingohagglund\/wp-json\/wp\/v2\/comments?post=2"}],"version-history":[{"count":3,"href":"https:\/\/hallbartbyggande.com\/hevingohagglund\/wp-json\/wp\/v2\/pages\/2\/revisions"}],"predecessor-version":[{"id":23,"href":"https:\/\/hallbartbyggande.com\/hevingohagglund\/wp-json\/wp\/v2\/pages\/2\/revisions\/23"}],"wp:attachment":[{"href":"https:\/\/hallbartbyggande.com\/hevingohagglund\/wp-json\/wp\/v2\/media?parent=2"}],"curies":[{"name":"wp","href":"https:\/\/api.w.org\/{rel}","templated":true}]}}