										  
											  
											 {"id":9,"date":"2019-01-14T15:02:15","date_gmt":"2019-01-14T14:02:15","guid":{"rendered":"https:\/\/hallbartbyggande.com\/energymachines\/?page_id=9"},"modified":"2024-12-04T11:09:09","modified_gmt":"2024-12-04T10:09:09","slug":"om-heidelberg-materials","status":"publish","type":"page","link":"https:\/\/hallbartbyggande.com\/heidelbergmaterials\/om-heidelberg-materials\/","title":{"rendered":"Om Heidelberg Materials"},"content":{"rendered":"<p><strong>Heidelberg Materials<\/strong> \u00e4r en av v\u00e4rldens st\u00f6rsta byggmaterialkoncerner med verksamhet i 50 l\u00e4nder. I Sverige \u00e4r vi marknadsledande p\u00e5 cement och en betydande akt\u00f6r inom betong. Vi har fyra aff\u00e4rsomr\u00e5den: cement, fabrikstillverkad betong, prefabricerade betongelement (precast) och sten- och bergmaterial (ballast). Vi har verksamhet fr\u00e5n Malm\u00f6 i s\u00f6der till Lule\u00e5 i norr. Huvudkontoret ligger i Liljeholmen, Stockholm.<\/p>\n","protected":false},"excerpt":{"rendered":"<p>Heidelberg Materials \u00e4r en av v\u00e4rldens st\u00f6rsta byggmaterialkoncerner med verksamhet i 50 l\u00e4nder. I Sverige \u00e4r vi marknadsledande p\u00e5 cement och en betydande akt\u00f6r inom betong. Vi har fyra aff\u00e4rsomr\u00e5den: cement, fabrikstillverkad betong, prefabricerade betongelement (precast) och sten- och bergmaterial (ballast). Vi har verksamhet fr\u00e5n Malm\u00f6 i s\u00f6der till Lule\u00e5 i norr. Huvudkontoret ligger i &#8230;<\/p>\n","protected":false},"author":2,"featured_media":0,"parent":0,"menu_order":0,"comment_status":"closed","ping_status":"closed","template":"","meta":{"_monsterinsights_skip_tracking":false,"_monsterinsights_sitenote_active":false,"_monsterinsights_sitenote_note":"","_monsterinsights_sitenote_category":0,"_links_to":"","_links_to_target":""},"_links":{"self":[{"href":"https:\/\/hallbartbyggande.com\/heidelbergmaterials\/wp-json\/wp\/v2\/pages\/9"}],"collection":[{"href":"https:\/\/hallbartbyggande.com\/heidelbergmaterials\/wp-json\/wp\/v2\/pages"}],"about":[{"href":"https:\/\/hallbartbyggande.com\/heidelbergmaterials\/wp-json\/wp\/v2\/types\/page"}],"author":[{"embeddable":true,"href":"https:\/\/hallbartbyggande.com\/heidelbergmaterials\/wp-json\/wp\/v2\/users\/2"}],"replies":[{"embeddable":true,"href":"https:\/\/hallbartbyggande.com\/heidelbergmaterials\/wp-json\/wp\/v2\/comments?post=9"}],"version-history":[{"count":3,"href":"https:\/\/hallbartbyggande.com\/heidelbergmaterials\/wp-json\/wp\/v2\/pages\/9\/revisions"}],"predecessor-version":[{"id":43,"href":"https:\/\/hallbartbyggande.com\/heidelbergmaterials\/wp-json\/wp\/v2\/pages\/9\/revisions\/43"}],"wp:attachment":[{"href":"https:\/\/hallbartbyggande.com\/heidelbergmaterials\/wp-json\/wp\/v2\/media?parent=9"}],"curies":[{"name":"wp","href":"https:\/\/api.w.org\/{rel}","templated":true}]}}