										  
											  
											 {"id":11,"date":"2019-01-14T15:11:25","date_gmt":"2019-01-14T14:11:25","guid":{"rendered":"https:\/\/hallbartbyggande.com\/energymachines\/?page_id=11"},"modified":"2024-12-04T12:07:15","modified_gmt":"2024-12-04T11:07:15","slug":"kontakt","status":"publish","type":"page","link":"https:\/\/hallbartbyggande.com\/heidelbergmaterials\/kontakt\/","title":{"rendered":"Kontakt"},"content":{"rendered":"<h2 class=\"hc-heading hc-heading--4 hc-heading--themed hc-heading--module\"><strong style=\"font-size: 16px;\">Heidelberg Materials Cement Sverige AB<\/strong><\/h2>\n<div class=\"hc-teaser hc-teaser--text\" data-once=\"hc-teaser\">\n<div class=\"hc-bodytext hc-editor--long\">\n<p class=\" hc-text\">Marieviksgatan 25<br \/>\nBox 47210<br \/>\nSE-100 74 Stockholm<\/p>\n<p class=\" hc-text\"><strong>Telefon:<\/strong> +46 (0)8-625 68 00<\/p>\n<p class=\" hc-text\"><strong><a class=\" hc-link--quaternary hc-link--themed hc-link\" href=\"https:\/\/www.cement.heidelbergmaterials.se\/sv\/kontakta\" data-auto-event-observed=\"true\"><span class=\"hc-link__text\">Har du fr\u00e5gor? Anv\u00e4nd g\u00e4rna v\u00e5rt kontaktformul\u00e4r.<\/span><\/a><\/strong><\/p>\n<\/div>\n<\/div>\n","protected":false},"excerpt":{"rendered":"<p>Heidelberg Materials Cement Sverige AB Marieviksgatan 25 Box 47210 SE-100 74 Stockholm Telefon: +46 (0)8-625 68 00 Har du fr\u00e5gor? Anv\u00e4nd g\u00e4rna v\u00e5rt kontaktformul\u00e4r.<\/p>\n","protected":false},"author":2,"featured_media":0,"parent":0,"menu_order":0,"comment_status":"closed","ping_status":"closed","template":"","meta":{"_monsterinsights_skip_tracking":false,"_monsterinsights_sitenote_active":false,"_monsterinsights_sitenote_note":"","_monsterinsights_sitenote_category":0,"_links_to":"","_links_to_target":""},"_links":{"self":[{"href":"https:\/\/hallbartbyggande.com\/heidelbergmaterials\/wp-json\/wp\/v2\/pages\/11"}],"collection":[{"href":"https:\/\/hallbartbyggande.com\/heidelbergmaterials\/wp-json\/wp\/v2\/pages"}],"about":[{"href":"https:\/\/hallbartbyggande.com\/heidelbergmaterials\/wp-json\/wp\/v2\/types\/page"}],"author":[{"embeddable":true,"href":"https:\/\/hallbartbyggande.com\/heidelbergmaterials\/wp-json\/wp\/v2\/users\/2"}],"replies":[{"embeddable":true,"href":"https:\/\/hallbartbyggande.com\/heidelbergmaterials\/wp-json\/wp\/v2\/comments?post=11"}],"version-history":[{"count":6,"href":"https:\/\/hallbartbyggande.com\/heidelbergmaterials\/wp-json\/wp\/v2\/pages\/11\/revisions"}],"predecessor-version":[{"id":57,"href":"https:\/\/hallbartbyggande.com\/heidelbergmaterials\/wp-json\/wp\/v2\/pages\/11\/revisions\/57"}],"wp:attachment":[{"href":"https:\/\/hallbartbyggande.com\/heidelbergmaterials\/wp-json\/wp\/v2\/media?parent=11"}],"curies":[{"name":"wp","href":"https:\/\/api.w.org\/{rel}","templated":true}]}}