										  
											  
											 {"id":16,"date":"2014-02-10T18:46:20","date_gmt":"2014-02-10T17:46:20","guid":{"rendered":"http:\/\/hallbartbyggande.com\/paxymer\/?page_id=16"},"modified":"2022-03-30T08:30:42","modified_gmt":"2022-03-30T06:30:42","slug":"om-hectors-hallbara-hus","status":"publish","type":"page","link":"https:\/\/hallbartbyggande.com\/hectorshallbarahus\/om-hectors-hallbara-hus\/","title":{"rendered":"Om Hectors H\u00e5llbara Hus"},"content":{"rendered":"<p>V\u00e4lkommen att l\u00e4mna in din ans\u00f6kan till det nylanserade forskningsstipendiet Hectors H\u00e5llbara Hus.<\/p>\n<p>Under \u00e5r 2022 delas ett f\u00f6rsta stipendium \u00e1 300 000 kronor ut f\u00f6r vidareutveckling av en metod eller produkt som minskar byggnaders resursanv\u00e4ndning, \u00f6kar deras robusthet, resiliens, f\u00f6rm\u00e5ga att vara autonoma och st\u00e5 emot yttre driftst\u00f6rningar.<\/p>\n<p>L\u00e4s mer p\u00e5 <a href=\"http:\/\/hectorshallbarahus.se\" target=\"_blank\" rel=\"noopener\">hectorshallbarahus.se<\/a><\/p>\n","protected":false},"excerpt":{"rendered":"<p>V\u00e4lkommen att l\u00e4mna in din ans\u00f6kan till det nylanserade forskningsstipendiet Hectors H\u00e5llbara Hus. Under \u00e5r 2022 delas ett f\u00f6rsta stipendium \u00e1 300 000 kronor ut f\u00f6r vidareutveckling av en metod eller produkt som minskar byggnaders resursanv\u00e4ndning, \u00f6kar deras robusthet, resiliens, f\u00f6rm\u00e5ga att vara autonoma och st\u00e5 emot yttre driftst\u00f6rningar. L\u00e4s mer p\u00e5 hectorshallbarahus.se<\/p>\n","protected":false},"author":1,"featured_media":0,"parent":0,"menu_order":0,"comment_status":"open","ping_status":"open","template":"","meta":{"_monsterinsights_skip_tracking":false,"_monsterinsights_sitenote_active":false,"_monsterinsights_sitenote_note":"","_monsterinsights_sitenote_category":0,"_links_to":"","_links_to_target":""},"_links":{"self":[{"href":"https:\/\/hallbartbyggande.com\/hectorshallbarahus\/wp-json\/wp\/v2\/pages\/16"}],"collection":[{"href":"https:\/\/hallbartbyggande.com\/hectorshallbarahus\/wp-json\/wp\/v2\/pages"}],"about":[{"href":"https:\/\/hallbartbyggande.com\/hectorshallbarahus\/wp-json\/wp\/v2\/types\/page"}],"author":[{"embeddable":true,"href":"https:\/\/hallbartbyggande.com\/hectorshallbarahus\/wp-json\/wp\/v2\/users\/1"}],"replies":[{"embeddable":true,"href":"https:\/\/hallbartbyggande.com\/hectorshallbarahus\/wp-json\/wp\/v2\/comments?post=16"}],"version-history":[{"count":3,"href":"https:\/\/hallbartbyggande.com\/hectorshallbarahus\/wp-json\/wp\/v2\/pages\/16\/revisions"}],"predecessor-version":[{"id":61,"href":"https:\/\/hallbartbyggande.com\/hectorshallbarahus\/wp-json\/wp\/v2\/pages\/16\/revisions\/61"}],"wp:attachment":[{"href":"https:\/\/hallbartbyggande.com\/hectorshallbarahus\/wp-json\/wp\/v2\/media?parent=16"}],"curies":[{"name":"wp","href":"https:\/\/api.w.org\/{rel}","templated":true}]}}