										  
											  
											 {"id":13,"date":"2020-03-04T10:29:08","date_gmt":"2020-03-04T09:29:08","guid":{"rendered":"https:\/\/hallbartbyggande.com\/forboflooring\/?page_id=13"},"modified":"2020-03-04T11:32:05","modified_gmt":"2020-03-04T10:32:05","slug":"kontakt","status":"publish","type":"page","link":"https:\/\/hallbartbyggande.com\/forboflooring\/kontakt\/","title":{"rendered":"Kontakt"},"content":{"rendered":"<h2>Forbo Flooring AB<\/h2>\n<p><strong>Bes\u00f6ksadress<\/strong><\/p>\n<p>Forbo Flooring AB<br \/>\nAugust Barks gata 26<br \/>\n421 32 V\u00e4stra Fr\u00f6lunda<\/p>\n<p><strong>Postadress<\/strong><\/p>\n<p>Forbo Flooring AB<br \/>\nBox 9046<br \/>\n400 91 G\u00f6teborg<\/p>\n<p><strong>Webb:<\/strong> <a href=\"http:\/\/www.forbo-flooring.se\" target=\"_blank\" rel=\"noopener noreferrer\">www.forbo-flooring.se<\/a><\/p>\n<h2>Kontaktperson<\/h2>\n<p><strong><img decoding=\"async\" loading=\"lazy\" class=\"alignnone size-thumbnail wp-image-21\" src=\"https:\/\/hallbartbyggande.com\/forboflooring\/wp-content\/public_html\/sites\/122\/2020\/03\/Josefin_Larsson-150x150.jpg\" alt=\"\" width=\"150\" height=\"150\" srcset=\"https:\/\/hallbartbyggande.com\/forboflooring\/wp-content\/public_html\/sites\/122\/2020\/03\/Josefin_Larsson-150x150.jpg 150w, https:\/\/hallbartbyggande.com\/forboflooring\/wp-content\/public_html\/sites\/122\/2020\/03\/Josefin_Larsson-80x80.jpg 80w, https:\/\/hallbartbyggande.com\/forboflooring\/wp-content\/public_html\/sites\/122\/2020\/03\/Josefin_Larsson-67x67.jpg 67w, https:\/\/hallbartbyggande.com\/forboflooring\/wp-content\/public_html\/sites\/122\/2020\/03\/Josefin_Larsson-300x300.jpg 300w, https:\/\/hallbartbyggande.com\/forboflooring\/wp-content\/public_html\/sites\/122\/2020\/03\/Josefin_Larsson-100x100.jpg 100w\" sizes=\"(max-width: 150px) 100vw, 150px\" \/><\/strong><\/p>\n<p><strong>Josefin Larsson<\/strong><br \/>\n<strong>Marketing Manager, Nordics<\/strong><\/p>\n<p><strong>E-post:<\/strong> josefin.larsson@forbo.com<br \/>\n<strong>Tel:<\/strong> +46 (0)73 520 10 55<\/p>\n","protected":false},"excerpt":{"rendered":"<p>Forbo Flooring AB Bes\u00f6ksadress Forbo Flooring AB August Barks gata 26 421 32 V\u00e4stra Fr\u00f6lunda Postadress Forbo Flooring AB Box 9046 400 91 G\u00f6teborg Webb: www.forbo-flooring.se Kontaktperson Josefin Larsson Marketing Manager, Nordics E-post: josefin.larsson@forbo.com Tel: +46 (0)73 520 10 55<\/p>\n","protected":false},"author":2,"featured_media":0,"parent":0,"menu_order":0,"comment_status":"closed","ping_status":"closed","template":"","meta":{"_monsterinsights_skip_tracking":false,"_monsterinsights_sitenote_active":false,"_monsterinsights_sitenote_note":"","_monsterinsights_sitenote_category":0,"_links_to":"","_links_to_target":""},"_links":{"self":[{"href":"https:\/\/hallbartbyggande.com\/forboflooring\/wp-json\/wp\/v2\/pages\/13"}],"collection":[{"href":"https:\/\/hallbartbyggande.com\/forboflooring\/wp-json\/wp\/v2\/pages"}],"about":[{"href":"https:\/\/hallbartbyggande.com\/forboflooring\/wp-json\/wp\/v2\/types\/page"}],"author":[{"embeddable":true,"href":"https:\/\/hallbartbyggande.com\/forboflooring\/wp-json\/wp\/v2\/users\/2"}],"replies":[{"embeddable":true,"href":"https:\/\/hallbartbyggande.com\/forboflooring\/wp-json\/wp\/v2\/comments?post=13"}],"version-history":[{"count":4,"href":"https:\/\/hallbartbyggande.com\/forboflooring\/wp-json\/wp\/v2\/pages\/13\/revisions"}],"predecessor-version":[{"id":29,"href":"https:\/\/hallbartbyggande.com\/forboflooring\/wp-json\/wp\/v2\/pages\/13\/revisions\/29"}],"wp:attachment":[{"href":"https:\/\/hallbartbyggande.com\/forboflooring\/wp-json\/wp\/v2\/media?parent=13"}],"curies":[{"name":"wp","href":"https:\/\/api.w.org\/{rel}","templated":true}]}}