										  
											  
											 {"id":11,"date":"2020-03-04T10:23:20","date_gmt":"2020-03-04T09:23:20","guid":{"rendered":"https:\/\/hallbartbyggande.com\/forboflooring\/?page_id=11"},"modified":"2020-03-04T10:23:20","modified_gmt":"2020-03-04T09:23:20","slug":"om-forbo-flooring","status":"publish","type":"page","link":"https:\/\/hallbartbyggande.com\/forboflooring\/om-forbo-flooring\/","title":{"rendered":"Om Forbo Flooring"},"content":{"rendered":"<p>Forbo Flooring erbjuder ett komplett sortiment av golv f\u00f6r s\u00e5v\u00e4l f\u00f6retag som privatpersoner. V\u00e5rt h\u00f6gkvalitativa produktsortiment innefattar bland annat linoleumgolv,plastgolv, parkettgolv och laminatgolv som f\u00f6renar funktion, f\u00e4rg och design. Vi s\u00e4ljer och marknadsf\u00f6r \u00e4ven ett brett sortiment av tillbeh\u00f6r f\u00f6r golv s\u00e5som spackel, fogmassor, lim, golvlister och profiler.<\/p>\n<p>Vi har dessutom en omfattande kundservice och l\u00e4gger stor vikt vid att tillverkningen sker p\u00e5 ett milj\u00f6m\u00e4ssigt ansvarsfullt s\u00e4tt. Forbo Flooring Sverige ing\u00e5r i den schweiziska Forbo-koncernen som \u00e4r v\u00e4rldsledande inom golv- och transportbandssystem.<\/p>\n","protected":false},"excerpt":{"rendered":"<p>Forbo Flooring erbjuder ett komplett sortiment av golv f\u00f6r s\u00e5v\u00e4l f\u00f6retag som privatpersoner. V\u00e5rt h\u00f6gkvalitativa produktsortiment innefattar bland annat linoleumgolv,plastgolv, parkettgolv och laminatgolv som f\u00f6renar funktion, f\u00e4rg och design. Vi s\u00e4ljer och marknadsf\u00f6r \u00e4ven ett brett sortiment av tillbeh\u00f6r f\u00f6r golv s\u00e5som spackel, fogmassor, lim, golvlister och profiler. Vi har dessutom en omfattande kundservice och &#8230;<\/p>\n","protected":false},"author":2,"featured_media":0,"parent":0,"menu_order":0,"comment_status":"closed","ping_status":"closed","template":"","meta":{"_monsterinsights_skip_tracking":false,"_monsterinsights_sitenote_active":false,"_monsterinsights_sitenote_note":"","_monsterinsights_sitenote_category":0,"_links_to":"","_links_to_target":""},"_links":{"self":[{"href":"https:\/\/hallbartbyggande.com\/forboflooring\/wp-json\/wp\/v2\/pages\/11"}],"collection":[{"href":"https:\/\/hallbartbyggande.com\/forboflooring\/wp-json\/wp\/v2\/pages"}],"about":[{"href":"https:\/\/hallbartbyggande.com\/forboflooring\/wp-json\/wp\/v2\/types\/page"}],"author":[{"embeddable":true,"href":"https:\/\/hallbartbyggande.com\/forboflooring\/wp-json\/wp\/v2\/users\/2"}],"replies":[{"embeddable":true,"href":"https:\/\/hallbartbyggande.com\/forboflooring\/wp-json\/wp\/v2\/comments?post=11"}],"version-history":[{"count":1,"href":"https:\/\/hallbartbyggande.com\/forboflooring\/wp-json\/wp\/v2\/pages\/11\/revisions"}],"predecessor-version":[{"id":12,"href":"https:\/\/hallbartbyggande.com\/forboflooring\/wp-json\/wp\/v2\/pages\/11\/revisions\/12"}],"wp:attachment":[{"href":"https:\/\/hallbartbyggande.com\/forboflooring\/wp-json\/wp\/v2\/media?parent=11"}],"curies":[{"name":"wp","href":"https:\/\/api.w.org\/{rel}","templated":true}]}}