										  
											  
											 {"id":2,"date":"2015-03-31T07:30:21","date_gmt":"2015-03-31T07:30:21","guid":{"rendered":"http:\/\/hallbartbyggande.com\/flir\/?page_id=2"},"modified":"2015-03-31T10:11:47","modified_gmt":"2015-03-31T08:11:47","slug":"om-flir","status":"publish","type":"page","link":"https:\/\/hallbartbyggande.com\/flir\/om-flir\/","title":{"rendered":"Om FLIR"},"content":{"rendered":"<h4>FLIR b\u00f6rjade sin IR-historia i Sverige redan p\u00e5 60-talet som en innovationsenhet inom AGA-koncernen.<\/h4>\n<p>Sedan dess har f\u00f6retaget v\u00e4xt och \u00e4r idag v\u00e4rldsledande inom design, tillverkning och marknadsf\u00f6ring av IR-system, b\u00e5de f\u00f6r civilt och milit\u00e4rt bruk.<\/p>\n<p>FLIR har ett enkelt men ambiti\u00f6st m\u00e5l: Att utveckla marknadsledande v\u00e4rmekameror och IR-teknologi som f\u00f6rb\u00e4ttrar \u2013 till och med r\u00e4ddar \u2013 m\u00e4nniskors liv. Som pionj\u00e4r p\u00e5 marknaden f\u00f6r v\u00e4rmekameror har FLIR levererat instrument till forskning, industri, gr\u00e4ns\u00f6vervakning samt polisen i \u00f6ver 50 \u00e5r. Vanliga anv\u00e4ndningsomr\u00e5den \u00e4r f\u00f6rebyggande underh\u00e5ll, tillst\u00e5ndskontroll, of\u00f6rst\u00f6rande provning, forskning och utveckling samt \u00e4ven polisarbete.<\/p>\n<p>F\u00f6r r\u00e4ddningstj\u00e4nst och brandbek\u00e4mpning erbjuder FLIR marknadens bredaste utbud av v\u00e4rmekameror s\u00e5v\u00e4l f\u00f6r nyb\u00f6rjare som f\u00f6r proffs.\u00a0 FLIRs produkter anv\u00e4nds \u00f6ver hela v\u00e4rlden, exempelvis inom r\u00e4ddningsuppdrag, brottsbek\u00e4mpning, energibesparing, s\u00e4kerhets\u00f6vervakning och milj\u00f6skydd.<\/p>\n","protected":false},"excerpt":{"rendered":"<p>FLIR b\u00f6rjade sin IR-historia i Sverige redan p\u00e5 60-talet som en innovationsenhet inom AGA-koncernen. Sedan dess har f\u00f6retaget v\u00e4xt och \u00e4r idag v\u00e4rldsledande inom design, tillverkning och marknadsf\u00f6ring av IR-system, b\u00e5de f\u00f6r civilt och milit\u00e4rt bruk. FLIR har ett enkelt men ambiti\u00f6st m\u00e5l: Att utveckla marknadsledande v\u00e4rmekameror och IR-teknologi som f\u00f6rb\u00e4ttrar \u2013 till och med &#8230;<\/p>\n","protected":false},"author":84,"featured_media":0,"parent":0,"menu_order":0,"comment_status":"open","ping_status":"open","template":"","meta":{"_monsterinsights_skip_tracking":false,"_monsterinsights_sitenote_active":false,"_monsterinsights_sitenote_note":"","_monsterinsights_sitenote_category":0,"_links_to":"","_links_to_target":""},"_links":{"self":[{"href":"https:\/\/hallbartbyggande.com\/flir\/wp-json\/wp\/v2\/pages\/2"}],"collection":[{"href":"https:\/\/hallbartbyggande.com\/flir\/wp-json\/wp\/v2\/pages"}],"about":[{"href":"https:\/\/hallbartbyggande.com\/flir\/wp-json\/wp\/v2\/types\/page"}],"author":[{"embeddable":true,"href":"https:\/\/hallbartbyggande.com\/flir\/wp-json\/wp\/v2\/users\/84"}],"replies":[{"embeddable":true,"href":"https:\/\/hallbartbyggande.com\/flir\/wp-json\/wp\/v2\/comments?post=2"}],"version-history":[{"count":4,"href":"https:\/\/hallbartbyggande.com\/flir\/wp-json\/wp\/v2\/pages\/2\/revisions"}],"predecessor-version":[{"id":23,"href":"https:\/\/hallbartbyggande.com\/flir\/wp-json\/wp\/v2\/pages\/2\/revisions\/23"}],"wp:attachment":[{"href":"https:\/\/hallbartbyggande.com\/flir\/wp-json\/wp\/v2\/media?parent=2"}],"curies":[{"name":"wp","href":"https:\/\/api.w.org\/{rel}","templated":true}]}}