										  
											  
											 {"id":15,"date":"2015-03-31T09:47:40","date_gmt":"2015-03-31T07:47:40","guid":{"rendered":"http:\/\/hallbartbyggande.com\/flir\/?page_id=15"},"modified":"2015-03-31T09:47:51","modified_gmt":"2015-03-31T07:47:51","slug":"kontakt","status":"publish","type":"page","link":"https:\/\/hallbartbyggande.com\/flir\/kontakt\/","title":{"rendered":"Kontakt"},"content":{"rendered":"<h2>FLIR Systems AB<\/h2>\n<p><strong>Kontaktperson Ali Storm\u00e9n<\/strong><\/p>\n<p>Antennv\u00e4gen 6<br \/>\nBox 7376<br \/>\n187 15 T\u00e4by<\/p>\n<p><strong>Telefon:<\/strong> 08-753 25 00<\/p>\n<p><a href=\"http:\/\/flir.se\" target=\"_blank\">\u2028www.flir.se<\/a><\/p>\n","protected":false},"excerpt":{"rendered":"<p>FLIR Systems AB Kontaktperson Ali Storm\u00e9n Antennv\u00e4gen 6 Box 7376 187 15 T\u00e4by Telefon: 08-753 25 00 \u2028www.flir.se<\/p>\n","protected":false},"author":1,"featured_media":0,"parent":0,"menu_order":0,"comment_status":"open","ping_status":"open","template":"","meta":{"_monsterinsights_skip_tracking":false,"_monsterinsights_sitenote_active":false,"_monsterinsights_sitenote_note":"","_monsterinsights_sitenote_category":0,"_links_to":"","_links_to_target":""},"_links":{"self":[{"href":"https:\/\/hallbartbyggande.com\/flir\/wp-json\/wp\/v2\/pages\/15"}],"collection":[{"href":"https:\/\/hallbartbyggande.com\/flir\/wp-json\/wp\/v2\/pages"}],"about":[{"href":"https:\/\/hallbartbyggande.com\/flir\/wp-json\/wp\/v2\/types\/page"}],"author":[{"embeddable":true,"href":"https:\/\/hallbartbyggande.com\/flir\/wp-json\/wp\/v2\/users\/1"}],"replies":[{"embeddable":true,"href":"https:\/\/hallbartbyggande.com\/flir\/wp-json\/wp\/v2\/comments?post=15"}],"version-history":[{"count":1,"href":"https:\/\/hallbartbyggande.com\/flir\/wp-json\/wp\/v2\/pages\/15\/revisions"}],"predecessor-version":[{"id":16,"href":"https:\/\/hallbartbyggande.com\/flir\/wp-json\/wp\/v2\/pages\/15\/revisions\/16"}],"wp:attachment":[{"href":"https:\/\/hallbartbyggande.com\/flir\/wp-json\/wp\/v2\/media?parent=15"}],"curies":[{"name":"wp","href":"https:\/\/api.w.org\/{rel}","templated":true}]}}