										  
											  
											 {"id":6,"date":"2015-02-19T09:54:46","date_gmt":"2015-02-19T08:54:46","guid":{"rendered":"http:\/\/hallbartbyggande.com\/flaktwoods\/?page_id=6"},"modified":"2015-02-19T11:22:05","modified_gmt":"2015-02-19T10:22:05","slug":"kontakt","status":"publish","type":"page","link":"https:\/\/hallbartbyggande.com\/flaktwoods\/kontakt\/","title":{"rendered":"Kontakt"},"content":{"rendered":"<h2>Fl\u00e4kt Woods AB<\/h2>\n<p>V\u00e4stertorpsv\u00e4gen 135<br \/>\n129 44 H\u00e4gersten<br \/>\n<a href=\"http:\/\/www.flaktwoods.se\" target=\"_blank\">www.flaktwoods.se<\/a><\/p>\n<p><strong>Kontaktperson:<\/strong><br \/>\nOla Skoglund, marknadskommunikationsansvarig<br \/>\n<strong>Mob:<\/strong> 0703 49 27 01<br \/>\n<strong>E-mail:<\/strong> ola.skoglund@flaktwoods.com<\/p>\n","protected":false},"excerpt":{"rendered":"<p>Fl\u00e4kt Woods AB V\u00e4stertorpsv\u00e4gen 135 129 44 H\u00e4gersten www.flaktwoods.se Kontaktperson: Ola Skoglund, marknadskommunikationsansvarig Mob: 0703 49 27 01 E-mail: ola.skoglund@flaktwoods.com<\/p>\n","protected":false},"author":1,"featured_media":0,"parent":0,"menu_order":0,"comment_status":"open","ping_status":"open","template":"","meta":{"_monsterinsights_skip_tracking":false,"_monsterinsights_sitenote_active":false,"_monsterinsights_sitenote_note":"","_monsterinsights_sitenote_category":0,"_links_to":"","_links_to_target":""},"_links":{"self":[{"href":"https:\/\/hallbartbyggande.com\/flaktwoods\/wp-json\/wp\/v2\/pages\/6"}],"collection":[{"href":"https:\/\/hallbartbyggande.com\/flaktwoods\/wp-json\/wp\/v2\/pages"}],"about":[{"href":"https:\/\/hallbartbyggande.com\/flaktwoods\/wp-json\/wp\/v2\/types\/page"}],"author":[{"embeddable":true,"href":"https:\/\/hallbartbyggande.com\/flaktwoods\/wp-json\/wp\/v2\/users\/1"}],"replies":[{"embeddable":true,"href":"https:\/\/hallbartbyggande.com\/flaktwoods\/wp-json\/wp\/v2\/comments?post=6"}],"version-history":[{"count":3,"href":"https:\/\/hallbartbyggande.com\/flaktwoods\/wp-json\/wp\/v2\/pages\/6\/revisions"}],"predecessor-version":[{"id":15,"href":"https:\/\/hallbartbyggande.com\/flaktwoods\/wp-json\/wp\/v2\/pages\/6\/revisions\/15"}],"wp:attachment":[{"href":"https:\/\/hallbartbyggande.com\/flaktwoods\/wp-json\/wp\/v2\/media?parent=6"}],"curies":[{"name":"wp","href":"https:\/\/api.w.org\/{rel}","templated":true}]}}