										  
											  
											 {"id":2,"date":"2015-02-19T07:09:34","date_gmt":"2015-02-19T07:09:34","guid":{"rendered":"http:\/\/hallbartbyggande.com\/flaktwoods\/?page_id=2"},"modified":"2015-02-19T11:26:03","modified_gmt":"2015-02-19T10:26:03","slug":"om-flakt-woods","status":"publish","type":"page","link":"https:\/\/hallbartbyggande.com\/flaktwoods\/","title":{"rendered":"Om Fl\u00e4kt Woods"},"content":{"rendered":"<p>Fl\u00e4kt Woods Group \u00e4r en global marknadsledare och samarbetspartner inom energieffektiva ventilations- och luftbehandlingssystem f\u00f6r komfort- och bostadsventilation. Att luften vi andas h\u00e5ller h\u00f6g kvalitet \u00e4r oerh\u00f6rt viktigt f\u00f6r v\u00e5r h\u00e4lsa och v\u00e4lbefinnande. F\u00f6r oss \u00f6ver 2200 som arbetar p\u00e5 Fl\u00e4kt Woods \u00e4r detta sj\u00e4lva k\u00e4rnan i det vi g\u00f6r \u2013 att skapa produkter och l\u00f6sningar f\u00f6r ett energieffektivt och optimalt inomhusklimat. V\u00e5rt fokus p\u00e5 energieffektivitet ger dessutom dubbel effekt i form av s\u00e4nkta livscykelkostnader och en minimerad milj\u00f6p\u00e5verkan.<\/p>\n<p>Med \u00f6ver 100 \u00e5rs erfarenhet kan vi alltid hitta en optimal inneklimatl\u00f6sning f\u00f6r dig. Och med 100 000-tals installationer \u00f6ver hela v\u00e4rlden \u00e4r chansen stor att vi varje dag finns vid din sida \u2013 du kanske inte ser oss, men du m\u00e4rker definitivt v\u00e5r n\u00e4rvaro \u2026<\/p>\n","protected":false},"excerpt":{"rendered":"<p>Fl\u00e4kt Woods Group \u00e4r en global marknadsledare och samarbetspartner inom energieffektiva ventilations- och luftbehandlingssystem f\u00f6r komfort- och bostadsventilation. Att luften vi andas h\u00e5ller h\u00f6g kvalitet \u00e4r oerh\u00f6rt viktigt f\u00f6r v\u00e5r h\u00e4lsa och v\u00e4lbefinnande. F\u00f6r oss \u00f6ver 2200 som arbetar p\u00e5 Fl\u00e4kt Woods \u00e4r detta sj\u00e4lva k\u00e4rnan i det vi g\u00f6r \u2013 att skapa produkter och &#8230;<\/p>\n","protected":false},"author":79,"featured_media":0,"parent":0,"menu_order":0,"comment_status":"open","ping_status":"open","template":"","meta":{"_monsterinsights_skip_tracking":false,"_monsterinsights_sitenote_active":false,"_monsterinsights_sitenote_note":"","_monsterinsights_sitenote_category":0,"_links_to":"","_links_to_target":""},"_links":{"self":[{"href":"https:\/\/hallbartbyggande.com\/flaktwoods\/wp-json\/wp\/v2\/pages\/2"}],"collection":[{"href":"https:\/\/hallbartbyggande.com\/flaktwoods\/wp-json\/wp\/v2\/pages"}],"about":[{"href":"https:\/\/hallbartbyggande.com\/flaktwoods\/wp-json\/wp\/v2\/types\/page"}],"author":[{"embeddable":true,"href":"https:\/\/hallbartbyggande.com\/flaktwoods\/wp-json\/wp\/v2\/users\/79"}],"replies":[{"embeddable":true,"href":"https:\/\/hallbartbyggande.com\/flaktwoods\/wp-json\/wp\/v2\/comments?post=2"}],"version-history":[{"count":4,"href":"https:\/\/hallbartbyggande.com\/flaktwoods\/wp-json\/wp\/v2\/pages\/2\/revisions"}],"predecessor-version":[{"id":12,"href":"https:\/\/hallbartbyggande.com\/flaktwoods\/wp-json\/wp\/v2\/pages\/2\/revisions\/12"}],"wp:attachment":[{"href":"https:\/\/hallbartbyggande.com\/flaktwoods\/wp-json\/wp\/v2\/media?parent=2"}],"curies":[{"name":"wp","href":"https:\/\/api.w.org\/{rel}","templated":true}]}}