										  
											  
											 {"id":8,"date":"2020-11-10T12:46:37","date_gmt":"2020-11-10T11:46:37","guid":{"rendered":"https:\/\/hallbartbyggande.com\/finjabetong\/?page_id=8"},"modified":"2020-11-10T12:46:37","modified_gmt":"2020-11-10T11:46:37","slug":"om-finja-betong","status":"publish","type":"page","link":"https:\/\/hallbartbyggande.com\/finjabetong\/om-finja-betong\/","title":{"rendered":"Om Finja Betong"},"content":{"rendered":"<p>Finja Betong fokuserar p\u00e5 murat och putsat byggande och \u00e4r en rikst\u00e4ckande leverant\u00f6r av byggmaterial. Produktutbudet \u00e4r omfattande och konceptl\u00f6sningar erbjuds inom allt fr\u00e5n block, torrbruk, golvavj\u00e4mning, fix och fog, fasadputssystem, cellplast och grundelement. All v\u00e5r tillverkning \u00e4r n\u00e4rproducerad d\u00e5 vi har produktionsanl\u00e4ggningar p\u00e5 flera platser i Sverige.<\/p>\n","protected":false},"excerpt":{"rendered":"<p>Finja Betong fokuserar p\u00e5 murat och putsat byggande och \u00e4r en rikst\u00e4ckande leverant\u00f6r av byggmaterial. Produktutbudet \u00e4r omfattande och konceptl\u00f6sningar erbjuds inom allt fr\u00e5n block, torrbruk, golvavj\u00e4mning, fix och fog, fasadputssystem, cellplast och grundelement. All v\u00e5r tillverkning \u00e4r n\u00e4rproducerad d\u00e5 vi har produktionsanl\u00e4ggningar p\u00e5 flera platser i Sverige.<\/p>\n","protected":false},"author":2,"featured_media":0,"parent":0,"menu_order":0,"comment_status":"closed","ping_status":"closed","template":"","meta":{"_monsterinsights_skip_tracking":false,"_monsterinsights_sitenote_active":false,"_monsterinsights_sitenote_note":"","_monsterinsights_sitenote_category":0,"_links_to":"","_links_to_target":""},"_links":{"self":[{"href":"https:\/\/hallbartbyggande.com\/finjabetong\/wp-json\/wp\/v2\/pages\/8"}],"collection":[{"href":"https:\/\/hallbartbyggande.com\/finjabetong\/wp-json\/wp\/v2\/pages"}],"about":[{"href":"https:\/\/hallbartbyggande.com\/finjabetong\/wp-json\/wp\/v2\/types\/page"}],"author":[{"embeddable":true,"href":"https:\/\/hallbartbyggande.com\/finjabetong\/wp-json\/wp\/v2\/users\/2"}],"replies":[{"embeddable":true,"href":"https:\/\/hallbartbyggande.com\/finjabetong\/wp-json\/wp\/v2\/comments?post=8"}],"version-history":[{"count":1,"href":"https:\/\/hallbartbyggande.com\/finjabetong\/wp-json\/wp\/v2\/pages\/8\/revisions"}],"predecessor-version":[{"id":9,"href":"https:\/\/hallbartbyggande.com\/finjabetong\/wp-json\/wp\/v2\/pages\/8\/revisions\/9"}],"wp:attachment":[{"href":"https:\/\/hallbartbyggande.com\/finjabetong\/wp-json\/wp\/v2\/media?parent=8"}],"curies":[{"name":"wp","href":"https:\/\/api.w.org\/{rel}","templated":true}]}}