										  
											  
											 {"id":2,"date":"2016-04-11T10:44:50","date_gmt":"2016-04-11T08:44:50","guid":{"rendered":"http:\/\/hallbartbyggande.com\/fastighetsmassan\/?page_id=2"},"modified":"2016-04-11T14:07:00","modified_gmt":"2016-04-11T12:07:00","slug":"om-fastighetsmassan","status":"publish","type":"page","link":"https:\/\/hallbartbyggande.com\/fastighetsmassan\/om-fastighetsmassan\/","title":{"rendered":"Om Fastighetsm\u00e4ssan"},"content":{"rendered":"<h2>Norra Europas st\u00f6rsta fastighetsm\u00e4ssa<\/h2>\n<p>Fastighetsm\u00e4ssan samlar de mest inflytelserika fastighetsakt\u00f6rerna fr\u00e5n hela Sverige under tv\u00e5 intensiva dagar fyllda av n\u00e4tverkande, l\u00e4rande och aff\u00e4rer. M\u00e4ssan forts\u00e4tter att v\u00e4xa med en n\u00e4rmast lavinartad fart, f\u00f6r varje \u00e5r den arrangerats har den \u00f6kat i b\u00e5de utst\u00e4llar- och bes\u00f6karantal.<\/p>\n<p>Norra Europas st\u00f6rsta fastighetsm\u00e4ssa arrangeras i Stockholm, G\u00f6teborg, Malm\u00f6, K\u00f6penhamn och Oslo och samlar alla som arbetar med drift, underh\u00e5ll, f\u00f6rvaltning, s\u00e4kerhet och investering av fastigheter och skapar en dynamisk och sp\u00e4nnande m\u00f6tesplats med branschens alla nyheter och innovationer som presenteras p\u00e5 m\u00e4ssgolvet.<\/p>\n<p><strong>Fastighetsm\u00e4ssan arrangeras i<\/strong><\/p>\n<p>Oslo, Telenor Arena, 28-29 september 2016<\/p>\n<p>Stockholm, Kistam\u00e4ssan, 15-16 mars 2017<\/p>\n<p>K\u00f6penhamn, Bella Center, 29-30 mars 2017<\/p>\n<p>G\u00f6teborg, Svenska M\u00e4ssan, 6-7 september 2017<\/p>\n<p>Malm\u00f6, Malm\u00f6m\u00e4ssan, 26-27 januari 2018<\/p>\n","protected":false},"excerpt":{"rendered":"<p>Norra Europas st\u00f6rsta fastighetsm\u00e4ssa Fastighetsm\u00e4ssan samlar de mest inflytelserika fastighetsakt\u00f6rerna fr\u00e5n hela Sverige under tv\u00e5 intensiva dagar fyllda av n\u00e4tverkande, l\u00e4rande och aff\u00e4rer. M\u00e4ssan forts\u00e4tter att v\u00e4xa med en n\u00e4rmast lavinartad fart, f\u00f6r varje \u00e5r den arrangerats har den \u00f6kat i b\u00e5de utst\u00e4llar- och bes\u00f6karantal. Norra Europas st\u00f6rsta fastighetsm\u00e4ssa arrangeras i Stockholm, G\u00f6teborg, Malm\u00f6, K\u00f6penhamn &#8230;<\/p>\n","protected":false},"author":104,"featured_media":0,"parent":0,"menu_order":0,"comment_status":"closed","ping_status":"closed","template":"","meta":{"_monsterinsights_skip_tracking":false,"_monsterinsights_sitenote_active":false,"_monsterinsights_sitenote_note":"","_monsterinsights_sitenote_category":0,"_links_to":"","_links_to_target":""},"_links":{"self":[{"href":"https:\/\/hallbartbyggande.com\/fastighetsmassan\/wp-json\/wp\/v2\/pages\/2"}],"collection":[{"href":"https:\/\/hallbartbyggande.com\/fastighetsmassan\/wp-json\/wp\/v2\/pages"}],"about":[{"href":"https:\/\/hallbartbyggande.com\/fastighetsmassan\/wp-json\/wp\/v2\/types\/page"}],"author":[{"embeddable":true,"href":"https:\/\/hallbartbyggande.com\/fastighetsmassan\/wp-json\/wp\/v2\/users\/104"}],"replies":[{"embeddable":true,"href":"https:\/\/hallbartbyggande.com\/fastighetsmassan\/wp-json\/wp\/v2\/comments?post=2"}],"version-history":[{"count":2,"href":"https:\/\/hallbartbyggande.com\/fastighetsmassan\/wp-json\/wp\/v2\/pages\/2\/revisions"}],"predecessor-version":[{"id":20,"href":"https:\/\/hallbartbyggande.com\/fastighetsmassan\/wp-json\/wp\/v2\/pages\/2\/revisions\/20"}],"wp:attachment":[{"href":"https:\/\/hallbartbyggande.com\/fastighetsmassan\/wp-json\/wp\/v2\/media?parent=2"}],"curies":[{"name":"wp","href":"https:\/\/api.w.org\/{rel}","templated":true}]}}