										  
											  
											 {"id":11,"date":"2018-11-13T15:29:16","date_gmt":"2018-11-13T14:29:16","guid":{"rendered":"https:\/\/hallbartbyggande.com\/esbe\/?page_id=11"},"modified":"2018-11-13T15:30:24","modified_gmt":"2018-11-13T14:30:24","slug":"om-esbe","status":"publish","type":"page","link":"https:\/\/hallbartbyggande.com\/esbe\/om-esbe\/","title":{"rendered":"Om ESBE"},"content":{"rendered":"<p>Syftet med v\u00e5ra produkter \u00e4r att bidra till ett f\u00f6rb\u00e4ttrat inomhusklimat genom att styra temperaturen i byggnader med fokus p\u00e5 de st\u00f6rsta ekonomiska f\u00f6rdelarna och energi-effektiviteten f\u00f6r kunden.<\/p>\n<p>Oavsett om v\u00e5r fr\u00e4msta m\u00e5lgrupp \u00e4r installat\u00f6ren, grossisten eller en OEM &#8211; vi levererar f\u00f6rstklassiga produkter som ger komfort, s\u00e4kerhet och energibesparingar. Det \u00e4r tre aspekter som \u00e4r viktiga f\u00f6r alla hus\u00e4gare \u00f6ver hela v\u00e4rlden idag, av h\u00e4nsyn till milj\u00f6n och f\u00f6r m\u00e4nniskors v\u00e4lbefinnande.<\/p>\n<p>I mer \u00e4n hundra \u00e5r har vi g\u00e5ng p\u00e5 g\u00e5ng etablerat nya standardniv\u00e5er f\u00f6r vad ventiler och st\u00e4lldon kan g\u00f6ra i olika system. Alla v\u00e5ra produkter har tre tydliga k\u00e4nnetecken: de anv\u00e4nder mindre energi, de ger mer komfort och de \u00f6kar s\u00e4kerheten i system f\u00f6r uppv\u00e4rmning, kylning och tappvatten.<\/p>\n<p>I dag finns ESBE:s produkter i hela Europa. Men v\u00e5r produktutveckling och tillverkning finns fortfarande kvar i sm\u00e5l\u00e4ndska Reftele, d\u00e4r det en g\u00e5ng b\u00f6rjade. Numera har vi tillg\u00e5ng till toppmoderna fabriksanl\u00e4ggningar och innehar sj\u00e4lvklart kvalitets- och milj\u00f6certifikat.<\/p>\n<p>Att aldrig stanna upp, att utvecklas kontinuerligt, \u00e4r centralt f\u00f6r ESBE. Utvecklingen involverar alla delar av f\u00f6retaget, men det mest synliga resultatet \u00e4r det konstanta fl\u00f6det av nya produkter.<\/p>\n","protected":false},"excerpt":{"rendered":"<p>Syftet med v\u00e5ra produkter \u00e4r att bidra till ett f\u00f6rb\u00e4ttrat inomhusklimat genom att styra temperaturen i byggnader med fokus p\u00e5 de st\u00f6rsta ekonomiska f\u00f6rdelarna och energi-effektiviteten f\u00f6r kunden. Oavsett om v\u00e5r fr\u00e4msta m\u00e5lgrupp \u00e4r installat\u00f6ren, grossisten eller en OEM &#8211; vi levererar f\u00f6rstklassiga produkter som ger komfort, s\u00e4kerhet och energibesparingar. Det \u00e4r tre aspekter som &#8230;<\/p>\n","protected":false},"author":2,"featured_media":0,"parent":0,"menu_order":0,"comment_status":"closed","ping_status":"closed","template":"","meta":{"_monsterinsights_skip_tracking":false,"_monsterinsights_sitenote_active":false,"_monsterinsights_sitenote_note":"","_monsterinsights_sitenote_category":0,"_links_to":"","_links_to_target":""},"_links":{"self":[{"href":"https:\/\/hallbartbyggande.com\/esbe\/wp-json\/wp\/v2\/pages\/11"}],"collection":[{"href":"https:\/\/hallbartbyggande.com\/esbe\/wp-json\/wp\/v2\/pages"}],"about":[{"href":"https:\/\/hallbartbyggande.com\/esbe\/wp-json\/wp\/v2\/types\/page"}],"author":[{"embeddable":true,"href":"https:\/\/hallbartbyggande.com\/esbe\/wp-json\/wp\/v2\/users\/2"}],"replies":[{"embeddable":true,"href":"https:\/\/hallbartbyggande.com\/esbe\/wp-json\/wp\/v2\/comments?post=11"}],"version-history":[{"count":2,"href":"https:\/\/hallbartbyggande.com\/esbe\/wp-json\/wp\/v2\/pages\/11\/revisions"}],"predecessor-version":[{"id":13,"href":"https:\/\/hallbartbyggande.com\/esbe\/wp-json\/wp\/v2\/pages\/11\/revisions\/13"}],"wp:attachment":[{"href":"https:\/\/hallbartbyggande.com\/esbe\/wp-json\/wp\/v2\/media?parent=11"}],"curies":[{"name":"wp","href":"https:\/\/api.w.org\/{rel}","templated":true}]}}