										  
											  
											 {"id":2,"date":"2014-11-06T11:01:49","date_gmt":"2014-11-06T11:01:49","guid":{"rendered":"http:\/\/hallbartbyggande.com\/envirosystems\/?page_id=2"},"modified":"2016-12-14T10:50:48","modified_gmt":"2016-12-14T09:50:48","slug":"om-enviro-systems-ab","status":"publish","type":"page","link":"https:\/\/hallbartbyggande.com\/envirosystems\/","title":{"rendered":"Om Enviro Systems AB"},"content":{"rendered":"<p>Enviro Systems baseras p\u00e5 en patenterad pyrolysteknik som uppfanns av Bengt-Sture Ershag 1994 och m\u00f6jligg\u00f6r en unik l\u00f6sning p\u00e5 ett betydande och utbrett milj\u00f6problem genom att anv\u00e4nda begagnade d\u00e4ck som r\u00e5vara f\u00f6r att framst\u00e4lla gas, kimr\u00f6k, eldningsolja och str\u00e5lskrot.<\/p>\n<p>\u00c5r 2001 grundades Enviro Systems kring ett metodpatent f\u00f6r CFC-processen. Under de f\u00f6rsta \u00e5ren byggde Bolaget sex stycken pilotanl\u00e4ggningar och f\u00f6r att bekr\u00e4fta att CFC-tekniken fungerar.<\/p>\n<p>En fullskalig anl\u00e4ggning med kapacitet p\u00e5 12 000 ton d\u00e4ck per \u00e5r byggdes och sattes i drift i \u00c5sensbruk, Sverige, under 2013. Anl\u00e4ggningen fungerar som en demonstration- och utbildningsanl\u00e4ggning f\u00f6r potentiella kunder.<\/p>\n<p>Under 2013 har Enviro Systems inlett diskussioner med potentiella kunder f\u00f6r k\u00f6p av anl\u00e4ggningar. SES aff\u00e4rsmodell \u00e4r att s\u00e4lja \u201dturn-key\u201d anl\u00e4ggningar \u00f6ver hela v\u00e4rlden. Det finns ett stort intresse f\u00f6r CFC-tekniken och diskussioner om f\u00f6rs\u00e4ljning av ett antal 30 000 ton-anl\u00e4ggningar p\u00e5g\u00e5r.<\/p>\n<h2>Tekniken<\/h2>\n<p>CFC-processen (Carbonised by Forced Convection) \u00e4r en patenterad teknik. CFC kan beskrivas som en optimerad teknik f\u00f6r v\u00e4rmebearbetning av organiska f\u00f6reningar. CFC-tekniken skiljer sig fr\u00e5n en traditionell pyrolysprocess eftersom i CFC anv\u00e4nds pyrolysgas som ett v\u00e4rmemedium och \u00e4r i direktkontakt med det reagerande organiska materialet. Sedan 1994 har tekniken utvecklats f\u00f6r att vara till\u00e4mplig f\u00f6r att utvinna v\u00e4rdefulla material fr\u00e5n anv\u00e4nda gummid\u00e4ck.<\/p>\n<p>Principen f\u00f6r CFC-processen \u00e4r att partier av strimlade anv\u00e4nda d\u00e4ck laddas i reaktorer d\u00e4r syret ers\u00e4tts med kv\u00e4ve f\u00f6re upphettning. D\u00e4cken upphettas sedan till exakt r\u00e4tt temperatur, vilket s\u00e4kerst\u00e4ller kvalit\u00e9n p\u00e5 slutprodukten.<\/p>\n<p>CFC-processen \u00e4r en snabb, effektiv och milj\u00f6v\u00e4nlig teknik f\u00f6r \u00e5tervinning av organiska material. CFC-processen har l\u00e5ga driftskostnader, \u00e4r l\u00f6nsam och energieffektiv. En teknisk och praktisk kapacitet f\u00f6r en CFC anl\u00e4ggning \u00e4r 30 000 ton per \u00e5r. Denna kapacitet anv\u00e4nder en reaktorstorlek som processen optimerats f\u00f6r idag och \u00e4r mycket effektiv ur ett bemanningsperspektiv.<\/p>\n<p>&nbsp;<\/p>\n","protected":false},"excerpt":{"rendered":"<p>Enviro Systems baseras p\u00e5 en patenterad pyrolysteknik som uppfanns av Bengt-Sture Ershag 1994 och m\u00f6jligg\u00f6r en unik l\u00f6sning p\u00e5 ett betydande och utbrett milj\u00f6problem genom att anv\u00e4nda begagnade d\u00e4ck som r\u00e5vara f\u00f6r att framst\u00e4lla gas, kimr\u00f6k, eldningsolja och str\u00e5lskrot. \u00c5r 2001 grundades Enviro Systems kring ett metodpatent f\u00f6r CFC-processen. Under de f\u00f6rsta \u00e5ren byggde Bolaget &#8230;<\/p>\n","protected":false},"author":63,"featured_media":7,"parent":0,"menu_order":0,"comment_status":"open","ping_status":"open","template":"","meta":{"_monsterinsights_skip_tracking":false,"_monsterinsights_sitenote_active":false,"_monsterinsights_sitenote_note":"","_monsterinsights_sitenote_category":0,"_links_to":"","_links_to_target":""},"_links":{"self":[{"href":"https:\/\/hallbartbyggande.com\/envirosystems\/wp-json\/wp\/v2\/pages\/2"}],"collection":[{"href":"https:\/\/hallbartbyggande.com\/envirosystems\/wp-json\/wp\/v2\/pages"}],"about":[{"href":"https:\/\/hallbartbyggande.com\/envirosystems\/wp-json\/wp\/v2\/types\/page"}],"author":[{"embeddable":true,"href":"https:\/\/hallbartbyggande.com\/envirosystems\/wp-json\/wp\/v2\/users\/63"}],"replies":[{"embeddable":true,"href":"https:\/\/hallbartbyggande.com\/envirosystems\/wp-json\/wp\/v2\/comments?post=2"}],"version-history":[{"count":5,"href":"https:\/\/hallbartbyggande.com\/envirosystems\/wp-json\/wp\/v2\/pages\/2\/revisions"}],"predecessor-version":[{"id":36,"href":"https:\/\/hallbartbyggande.com\/envirosystems\/wp-json\/wp\/v2\/pages\/2\/revisions\/36"}],"wp:featuredmedia":[{"embeddable":true,"href":"https:\/\/hallbartbyggande.com\/envirosystems\/wp-json\/wp\/v2\/media\/7"}],"wp:attachment":[{"href":"https:\/\/hallbartbyggande.com\/envirosystems\/wp-json\/wp\/v2\/media?parent=2"}],"curies":[{"name":"wp","href":"https:\/\/api.w.org\/{rel}","templated":true}]}}