										  
											  
											 {"id":2,"date":"2014-09-24T12:23:45","date_gmt":"2014-09-24T12:23:45","guid":{"rendered":"http:\/\/hallbartbyggande.com\/elementflakten\/?page_id=2"},"modified":"2015-01-15T13:50:58","modified_gmt":"2015-01-15T12:50:58","slug":"om-elementflakten","status":"publish","type":"page","link":"https:\/\/hallbartbyggande.com\/elementflakten\/om-elementflakten\/","title":{"rendered":"Om ElementFl\u00e4kten"},"content":{"rendered":"<h4>V\u00e5r ambition \u00e4r att s\u00e4lja en produkt, Elementfl\u00e4kten och styrsystem som ger valuta f\u00f6r pengarna. Vi utvecklar smart, enkla l\u00f6sningar och s\u00e4ljer direkt till kund utan f\u00f6rdyrande mellanh\u00e4nder f\u00f6r energibesparing och komfort. Vi har hittills \u00f6ver 4000 n\u00f6jda kundkrets fr\u00e5n hela Sverige. Bland kunderna m\u00e4rks L\u00e4nsg\u00e5rden, \u00d6BO, YIT, HSB, \u00d6rebroporten, Cederbergs stiftelsen, Bravida AB och m.m. A-Energi AB har \u00e4ven skr\u00e4ddarsyr individ l\u00f6sningar till en del av individ kundsbehov.<\/h4>\n<p>\u2013 De \u00e4r de ideala kunderna f\u00f6r oss, d\u00e5 fastighets\u00e4garen sparar pengar och hyresg\u00e4sten f\u00e5r en b\u00e4ttre komfort. Vi har \u00e4ven hj\u00e4lpt n\u00e5gra kyrkor att halvera deras uppv\u00e4rmningskostnader. Vi t\u00e4nker gl\u00e4dja fler kunder eftersom det har bevisat v\u00e5r komplimang produkt fungerar.<\/p>\n<p>Vi f\u00f6rs\u00f6ker f\u00e5 svenska folket att t\u00e4nka om! Vi tycker att man ska g\u00e5 ett steg l\u00e4ngre \u00e4n att bara sl\u00e4cka lyset n\u00e4r man l\u00e4mnar ett rum f\u00f6r att spara energi. F\u00f6r att g\u00f6ra det enkelt s\u00e4ljer vi elektroniska termostater som g\u00e5r att programmera. Elementfl\u00e4kten g\u00f6r att man kan h\u00f6ja v\u00e4rmen i rummet mycket snabbare. Du kan p\u00e5 s\u00e5 s\u00e4tt h\u00f6ja komforten, spara tid och pengar. Har du v\u00e4rmepump f\u00e5r du extra vinst d\u00e5 en v\u00e4rmepump har f\u00e5r h\u00f6gre verkningsgrad d\u00e5 temperaturen till elementen kan s\u00e4nkas f\u00f6r att f\u00e5 samma inomhustemperatur.<\/p>\n<p>Utan Elementfl\u00e4kten tar det v\u00e4ldigt l\u00e5ng tid att h\u00f6ja temperaturen i ett rum eftersom v\u00e4rmen stiger upp i taket och l\u00e5ngsamt kommer ner. Temperaturen \u00e4r alltid h\u00f6gre i taket \u00e4n vid golvet. Elementfl\u00e4kten j\u00e4mnar ut den skillnaden genom att den suger in den kalla luften fr\u00e5n golvet bl\u00e5ser f\u00f6rbi elementet som v\u00e4rms upp. D\u00e5 f\u00e5r man varmare golv, behagligare j\u00e4mnare v\u00e4rme och fr\u00e4schare inomhusklimat.<\/p>\n<p>Man anv\u00e4nder allts\u00e5 energin som redan finns i rummet f\u00f6r att f\u00e5 en h\u00f6gre temperatur nere vid golvet och d\u00e5 kan man i m\u00e5nga fall dra ner v\u00e4rmen p\u00e5 sina element.<\/p>\n<p>Elementfl\u00e4kten passar alla element. Den best\u00e5r av sm\u00e5 fl\u00e4ktar i ett modulsystem med delar som monteras p\u00e5 elementet och d\u00f6ljs bakom en snygg list. L\u00e4ngden g\u00e5r att anpassa till alla element genom att ta bort eller bygga p\u00e5 delarna. F\u00f6r att f\u00e5 b\u00e4sta m\u00f6jliga f\u00f6rdelning av effekten sitter en fl\u00e4kt var tjugonde centimeter p\u00e5 panelen. Det \u00e4r enkel, l\u00e4tt att s\u00e4tta ihop och montera sj\u00e4lv eller du kan best\u00e4lla f\u00e4rdig byggsatt med bara 10% till\u00e4gg p\u00e5 den l\u00e4ngd du k\u00f6per. Du beh\u00f6ver inte anv\u00e4nda verktyg eller betala en handverkare.<\/p>\n<p>V\u00e5r produkt har verifierat av KTH(Kungliga Teknik H\u00f6gskola) och SP(Science Partner) att den kan f\u00f6rdubbla energi p\u00e5 ett befintlig vattenburen element.<\/p>\n<p><strong>L\u00e4s mer p\u00e5 v\u00e5r hemsida:<\/strong> <a href=\"http:\/\/www.elementflakten.se\" target=\"_blank\">www.elementflakten.se<\/a><\/p>\n","protected":false},"excerpt":{"rendered":"<p>V\u00e5r ambition \u00e4r att s\u00e4lja en produkt, Elementfl\u00e4kten och styrsystem som ger valuta f\u00f6r pengarna. Vi utvecklar smart, enkla l\u00f6sningar och s\u00e4ljer direkt till kund utan f\u00f6rdyrande mellanh\u00e4nder f\u00f6r energibesparing och komfort. Vi har hittills \u00f6ver 4000 n\u00f6jda kundkrets fr\u00e5n hela Sverige. Bland kunderna m\u00e4rks L\u00e4nsg\u00e5rden, \u00d6BO, YIT, HSB, \u00d6rebroporten, Cederbergs stiftelsen, Bravida AB och &#8230;<\/p>\n","protected":false},"author":54,"featured_media":0,"parent":0,"menu_order":0,"comment_status":"open","ping_status":"open","template":"","meta":{"_monsterinsights_skip_tracking":false,"_monsterinsights_sitenote_active":false,"_monsterinsights_sitenote_note":"","_monsterinsights_sitenote_category":0,"_links_to":"","_links_to_target":""},"_links":{"self":[{"href":"https:\/\/hallbartbyggande.com\/elementflakten\/wp-json\/wp\/v2\/pages\/2"}],"collection":[{"href":"https:\/\/hallbartbyggande.com\/elementflakten\/wp-json\/wp\/v2\/pages"}],"about":[{"href":"https:\/\/hallbartbyggande.com\/elementflakten\/wp-json\/wp\/v2\/types\/page"}],"author":[{"embeddable":true,"href":"https:\/\/hallbartbyggande.com\/elementflakten\/wp-json\/wp\/v2\/users\/54"}],"replies":[{"embeddable":true,"href":"https:\/\/hallbartbyggande.com\/elementflakten\/wp-json\/wp\/v2\/comments?post=2"}],"version-history":[{"count":3,"href":"https:\/\/hallbartbyggande.com\/elementflakten\/wp-json\/wp\/v2\/pages\/2\/revisions"}],"predecessor-version":[{"id":19,"href":"https:\/\/hallbartbyggande.com\/elementflakten\/wp-json\/wp\/v2\/pages\/2\/revisions\/19"}],"wp:attachment":[{"href":"https:\/\/hallbartbyggande.com\/elementflakten\/wp-json\/wp\/v2\/media?parent=2"}],"curies":[{"name":"wp","href":"https:\/\/api.w.org\/{rel}","templated":true}]}}