										  
											  
											 {"id":25,"date":"2017-03-24T09:09:02","date_gmt":"2017-03-24T08:09:02","guid":{"rendered":"http:\/\/hallbartbyggande.com\/elecosoft\/?page_id=25"},"modified":"2017-03-24T09:09:02","modified_gmt":"2017-03-24T08:09:02","slug":"om-elecosoft","status":"publish","type":"page","link":"https:\/\/hallbartbyggande.com\/elecosoft\/om-elecosoft\/","title":{"rendered":"Om Elecosoft"},"content":{"rendered":"<p>Elecosoft \u00e4r ett ledande f\u00f6retag inom utveckling av IT-verktyg och tj\u00e4nster anpassade f\u00f6r bygg- och installationsbranschen. Id\u00e9n bakom alla v\u00e5ra tj\u00e4nster och program \u00e4r att de ska f\u00f6renkla processerna kring planering, kalkylering och uppf\u00f6ljning. Allt f\u00f6r att arbetet ska flyta p\u00e5 smidigt och f\u00f6r att anv\u00e4ndaren ska f\u00e5 tid \u00f6ver till huvudverksamheten. F\u00f6rutom tj\u00e4nster kopplade till v\u00e5ra program erbjuder vi tj\u00e4nster inom kalkylering och konstruktion.<\/p>\n<h2>Mer \u00e4n 40 \u00e5rs erfarenhet<\/h2>\n<p>Elecosoft \u00e4gs av den b\u00f6rsnoterade brittiska koncernen Elecosoft Plc. Det b\u00f6rjade som en avknoppning fr\u00e5n ett byggf\u00f6retag i Skellefte\u00e5 1974 och var inledningsvis ett arkitekt- och konstrukt\u00f6rskontor som tidigt s\u00e5g nyttan av effektiva IT-verktyg. I mitten av 80-talet kompletterades serviceutbudet d\u00e4rf\u00f6r med datorverktyg och i b\u00f6rjan av 1990-talet startade utvecklingen av de IT-verktyg som i dag n\u00e5tt en marknadsledande st\u00e4llning.<\/p>\n<p>Elecosoft var f\u00f6rst i v\u00e4rlden med att skapa ett konstruktions- och byggprogram anpassat f\u00f6r Windowsmilj\u00f6 och idag \u00e4r vi marknadsledande i Sverige n\u00e4r det g\u00e4ller effektiva IT-verktyg f\u00f6r bygg- och installationsbranschen.<\/p>\n<h2>V\u00e5ra programvaror<\/h2>\n<p>Sitecon, Bidcon, Asta Powerproject, Statcon, Staircon, DDS-CAD, LubeKalk, Tenwin samt tj\u00e4nster inom mjukvaruutveckling, CAD och kalkylering.<\/p>\n","protected":false},"excerpt":{"rendered":"<p>Elecosoft \u00e4r ett ledande f\u00f6retag inom utveckling av IT-verktyg och tj\u00e4nster anpassade f\u00f6r bygg- och installationsbranschen. Id\u00e9n bakom alla v\u00e5ra tj\u00e4nster och program \u00e4r att de ska f\u00f6renkla processerna kring planering, kalkylering och uppf\u00f6ljning. Allt f\u00f6r att arbetet ska flyta p\u00e5 smidigt och f\u00f6r att anv\u00e4ndaren ska f\u00e5 tid \u00f6ver till huvudverksamheten. F\u00f6rutom tj\u00e4nster kopplade &#8230;<\/p>\n","protected":false},"author":2,"featured_media":0,"parent":0,"menu_order":0,"comment_status":"closed","ping_status":"closed","template":"","meta":{"_monsterinsights_skip_tracking":false,"_monsterinsights_sitenote_active":false,"_monsterinsights_sitenote_note":"","_monsterinsights_sitenote_category":0,"_links_to":"","_links_to_target":""},"_links":{"self":[{"href":"https:\/\/hallbartbyggande.com\/elecosoft\/wp-json\/wp\/v2\/pages\/25"}],"collection":[{"href":"https:\/\/hallbartbyggande.com\/elecosoft\/wp-json\/wp\/v2\/pages"}],"about":[{"href":"https:\/\/hallbartbyggande.com\/elecosoft\/wp-json\/wp\/v2\/types\/page"}],"author":[{"embeddable":true,"href":"https:\/\/hallbartbyggande.com\/elecosoft\/wp-json\/wp\/v2\/users\/2"}],"replies":[{"embeddable":true,"href":"https:\/\/hallbartbyggande.com\/elecosoft\/wp-json\/wp\/v2\/comments?post=25"}],"version-history":[{"count":1,"href":"https:\/\/hallbartbyggande.com\/elecosoft\/wp-json\/wp\/v2\/pages\/25\/revisions"}],"predecessor-version":[{"id":26,"href":"https:\/\/hallbartbyggande.com\/elecosoft\/wp-json\/wp\/v2\/pages\/25\/revisions\/26"}],"wp:attachment":[{"href":"https:\/\/hallbartbyggande.com\/elecosoft\/wp-json\/wp\/v2\/media?parent=25"}],"curies":[{"name":"wp","href":"https:\/\/api.w.org\/{rel}","templated":true}]}}