										  
											  
											 {"id":2,"date":"2014-09-24T11:55:15","date_gmt":"2014-09-24T11:55:15","guid":{"rendered":"http:\/\/hallbartbyggande.com\/egain\/?page_id=2"},"modified":"2014-10-01T09:49:20","modified_gmt":"2014-10-01T07:49:20","slug":"om-egain","status":"publish","type":"page","link":"https:\/\/hallbartbyggande.com\/egain\/om-egain\/","title":{"rendered":"Om eGain"},"content":{"rendered":"<h4>eGain utvecklar och levererar det ledande systemet f\u00f6r prognosstyrning \u2013 eGain forecasting\u2122 i 11 l\u00e4nder i Europa.<\/h4>\n<p>Utifr\u00e5n noggranna energibalansber\u00e4kningar f\u00f6r varje individuell fastighet samt detaljerade v\u00e4derprognoser styrs v\u00e4rmen i flerbostadshus optimalt, vilket ger ett j\u00e4mnare inomhusklimat, l\u00e4gre uppv\u00e4rmningskostnader och en minskad milj\u00f6p\u00e5verkan.<\/p>\n<p>eGain forecastingTM\u00a0\u00e4r en prognosstyrningstj\u00e4nst som s\u00e4nker uppv\u00e4rmningskostnaden f\u00f6r fastighets\u00e4gare och bostadsr\u00e4ttsf\u00f6reningar. Detta sker genom att styra v\u00e4rmen optimalt timme f\u00f6r timme, baserat p\u00e5 byggnadens energiegenskaper och detaljerade v\u00e4derprognoser. D\u00e4rmed utnyttjas energin effektivare, samtidigt som man f\u00e5r b\u00e4ttre komfort inomhus.<\/p>\n<p>Installation sker inom 14 dagar och ni b\u00f6rjar spara energi och pengar direkt, utan stora ingrepp i er fastighet. Besparingen ligger p\u00e5 ca 10-15% och oftast \u00e4r investeringen betald redan inom ett \u00e5r. Det ger er b\u00e4ttre ekonomi, h\u00f6jer v\u00e4rdet p\u00e5 fastigheten och hja\u0308lper till att finansiera andra, dyrare \u00e5tg\u00e4rder.<\/p>\n","protected":false},"excerpt":{"rendered":"<p>eGain utvecklar och levererar det ledande systemet f\u00f6r prognosstyrning \u2013 eGain forecasting\u2122 i 11 l\u00e4nder i Europa. Utifr\u00e5n noggranna energibalansber\u00e4kningar f\u00f6r varje individuell fastighet samt detaljerade v\u00e4derprognoser styrs v\u00e4rmen i flerbostadshus optimalt, vilket ger ett j\u00e4mnare inomhusklimat, l\u00e4gre uppv\u00e4rmningskostnader och en minskad milj\u00f6p\u00e5verkan. eGain forecastingTM\u00a0\u00e4r en prognosstyrningstj\u00e4nst som s\u00e4nker uppv\u00e4rmningskostnaden f\u00f6r fastighets\u00e4gare och bostadsr\u00e4ttsf\u00f6reningar. Detta &#8230;<\/p>\n","protected":false},"author":38,"featured_media":0,"parent":0,"menu_order":0,"comment_status":"open","ping_status":"open","template":"","meta":{"_monsterinsights_skip_tracking":false,"_monsterinsights_sitenote_active":false,"_monsterinsights_sitenote_note":"","_monsterinsights_sitenote_category":0,"_links_to":"","_links_to_target":""},"_links":{"self":[{"href":"https:\/\/hallbartbyggande.com\/egain\/wp-json\/wp\/v2\/pages\/2"}],"collection":[{"href":"https:\/\/hallbartbyggande.com\/egain\/wp-json\/wp\/v2\/pages"}],"about":[{"href":"https:\/\/hallbartbyggande.com\/egain\/wp-json\/wp\/v2\/types\/page"}],"author":[{"embeddable":true,"href":"https:\/\/hallbartbyggande.com\/egain\/wp-json\/wp\/v2\/users\/38"}],"replies":[{"embeddable":true,"href":"https:\/\/hallbartbyggande.com\/egain\/wp-json\/wp\/v2\/comments?post=2"}],"version-history":[{"count":3,"href":"https:\/\/hallbartbyggande.com\/egain\/wp-json\/wp\/v2\/pages\/2\/revisions"}],"predecessor-version":[{"id":20,"href":"https:\/\/hallbartbyggande.com\/egain\/wp-json\/wp\/v2\/pages\/2\/revisions\/20"}],"wp:attachment":[{"href":"https:\/\/hallbartbyggande.com\/egain\/wp-json\/wp\/v2\/media?parent=2"}],"curies":[{"name":"wp","href":"https:\/\/api.w.org\/{rel}","templated":true}]}}