										  
											  
											 {"id":2,"date":"2014-05-22T13:26:21","date_gmt":"2014-05-22T13:26:21","guid":{"rendered":"http:\/\/hallbartbyggande.com\/ecoclime\/?page_id=2"},"modified":"2014-05-22T16:21:29","modified_gmt":"2014-05-22T14:21:29","slug":"om-ecoclime","status":"publish","type":"page","link":"https:\/\/hallbartbyggande.com\/ecoclime\/om-ecoclime\/","title":{"rendered":"Om Ecoclime"},"content":{"rendered":"<p>Vi \u00e4r ett ungt, svenskt och aff\u00e4rsfokuserat energif\u00f6retag f\u00f6r inomhuskomfort. V\u00e5r verksamhet bygger p\u00e5 v\u00e4rldsunik patenterad teknik f\u00f6r klimatstyrning inomhus. V\u00e5r l\u00f6sning baseras p\u00e5 en patenterad v\u00e4rmeabsorbent och p\u00e5 en patenterad applikation av denna absorbent. Sammantaget erbjuder v\u00e5r l\u00f6sning v\u00e4rldens b\u00e4sta inomhuskomfort som samtidigt sparar energi och pengar.<\/p>\n<p>Till v\u00e5r tekniska l\u00f6sning har vi adderat fler produkter och tj\u00e4nster som bildar ett komplett aff\u00e4rskoncept f\u00f6r att er\u00f6vra marknaden f\u00f6r klimatkomfort inomhus. Vi riktar oss s\u00e4rskilt till st\u00f6rre fastighetsbolag som specialiserat sig p\u00e5 aff\u00e4rsfastigheter men har \u00e4ven l\u00f6sningar bl a f\u00f6r bostadsfastigheter, skolor, v\u00e5rdinr\u00e4ttningar, hotell och konferensanl\u00e4ggningar. V\u00e5ra huvud\u00e4gare \u00e4r investerare med flera framg\u00e5ngsrika investeringsprojekt p\u00e5 energimarknaden. Samtliga med l\u00e5ngsiktiga utvecklings-, tillv\u00e4xt och h\u00e5llbarhetsm\u00e5l med verksamheten.<\/p>\n","protected":false},"excerpt":{"rendered":"<p>Vi \u00e4r ett ungt, svenskt och aff\u00e4rsfokuserat energif\u00f6retag f\u00f6r inomhuskomfort. V\u00e5r verksamhet bygger p\u00e5 v\u00e4rldsunik patenterad teknik f\u00f6r klimatstyrning inomhus. V\u00e5r l\u00f6sning baseras p\u00e5 en patenterad v\u00e4rmeabsorbent och p\u00e5 en patenterad applikation av denna absorbent. Sammantaget erbjuder v\u00e5r l\u00f6sning v\u00e4rldens b\u00e4sta inomhuskomfort som samtidigt sparar energi och pengar. Till v\u00e5r tekniska l\u00f6sning har vi adderat &#8230;<\/p>\n","protected":false},"author":23,"featured_media":0,"parent":0,"menu_order":0,"comment_status":"open","ping_status":"open","template":"","meta":{"_monsterinsights_skip_tracking":false,"_monsterinsights_sitenote_active":false,"_monsterinsights_sitenote_note":"","_monsterinsights_sitenote_category":0,"_links_to":"","_links_to_target":""},"_links":{"self":[{"href":"https:\/\/hallbartbyggande.com\/ecoclime\/wp-json\/wp\/v2\/pages\/2"}],"collection":[{"href":"https:\/\/hallbartbyggande.com\/ecoclime\/wp-json\/wp\/v2\/pages"}],"about":[{"href":"https:\/\/hallbartbyggande.com\/ecoclime\/wp-json\/wp\/v2\/types\/page"}],"author":[{"embeddable":true,"href":"https:\/\/hallbartbyggande.com\/ecoclime\/wp-json\/wp\/v2\/users\/23"}],"replies":[{"embeddable":true,"href":"https:\/\/hallbartbyggande.com\/ecoclime\/wp-json\/wp\/v2\/comments?post=2"}],"version-history":[{"count":3,"href":"https:\/\/hallbartbyggande.com\/ecoclime\/wp-json\/wp\/v2\/pages\/2\/revisions"}],"predecessor-version":[{"id":21,"href":"https:\/\/hallbartbyggande.com\/ecoclime\/wp-json\/wp\/v2\/pages\/2\/revisions\/21"}],"wp:attachment":[{"href":"https:\/\/hallbartbyggande.com\/ecoclime\/wp-json\/wp\/v2\/media?parent=2"}],"curies":[{"name":"wp","href":"https:\/\/api.w.org\/{rel}","templated":true}]}}