										  
											  
											 {"id":16,"date":"2014-02-10T17:03:30","date_gmt":"2014-02-10T16:03:30","guid":{"rendered":"http:\/\/hallbartbyggande.com\/desso\/?page_id=16"},"modified":"2014-08-18T11:54:45","modified_gmt":"2014-08-18T09:54:45","slug":"om-desso","status":"publish","type":"page","link":"https:\/\/hallbartbyggande.com\/desso\/om-desso\/","title":{"rendered":"Om Desso"},"content":{"rendered":"<p><strong>Desso \u00e4r ett globalt matt-, textilplatta-, konstgr\u00e4s- och sportunderlagsf\u00f6retag, med verksamhet i mer \u00e4n 100 l\u00e4nder. Dessos produkter levereras till kontor, skolor, sjukhus, kommunala byggnader, bost\u00e4der samt hotell, kryssningsfartyg och flygbolag.<\/strong><\/p>\n<p>F\u00f6retaget tillverkar \u00e4ven v\u00e4rldsledande sportunderlag, som DESSO GrassMaster\u00ae, som finns p\u00e5 hemmaplaner tillh\u00f6rande Premier League-klubbar samt p\u00e5 fotbollens Mecka Wembley.<\/p>\n<p>Idag tillbringar de flesta m\u00e4nniskor i genomsnitt 90 % av sin tid inomhus, vilket har lett till f\u00f6retagets vision: &#8220;Hur vi f\u00e5r golvet att arbeta f\u00f6r v\u00e5r h\u00e4lsa och v\u00e5rt v\u00e4lm\u00e5ende.&#8221;<\/p>\n<p>V\u00e5rt m\u00e5l \u00e4r att s\u00e4kerst\u00e4lla att vi utvecklar unika produkter som tillhandah\u00e5ller en f\u00f6rb\u00e4ttrad inomhusmilj\u00f6 som optimerar m\u00e4nniskors h\u00e4lsa och v\u00e4lm\u00e5ende och i slut\u00e4ndan deras prestationer. Detta drivs av v\u00e5rt innovationsprogram, baserat p\u00e5 de tre pelarna Kreativitet, Funktionalitet och Cradle to Crade<strong>\u00ae<\/strong>-design.<\/p>\n<p><strong>F\u00f6r mer information, bes\u00f6k:<\/strong> <a title=\"www.desso.com\" href=\"http:\/\/www.desso.com\" target=\"_blank\">www.desso.com<\/a><\/p>\n","protected":false},"excerpt":{"rendered":"<p>Desso \u00e4r ett globalt matt-, textilplatta-, konstgr\u00e4s- och sportunderlagsf\u00f6retag, med verksamhet i mer \u00e4n 100 l\u00e4nder. Dessos produkter levereras till kontor, skolor, sjukhus, kommunala byggnader, bost\u00e4der samt hotell, kryssningsfartyg och flygbolag. F\u00f6retaget tillverkar \u00e4ven v\u00e4rldsledande sportunderlag, som DESSO GrassMaster\u00ae, som finns p\u00e5 hemmaplaner tillh\u00f6rande Premier League-klubbar samt p\u00e5 fotbollens Mecka Wembley. Idag tillbringar de flesta &#8230;<\/p>\n","protected":false},"author":1,"featured_media":0,"parent":0,"menu_order":0,"comment_status":"open","ping_status":"open","template":"","meta":{"_monsterinsights_skip_tracking":false,"_monsterinsights_sitenote_active":false,"_monsterinsights_sitenote_note":"","_monsterinsights_sitenote_category":0,"_links_to":"","_links_to_target":""},"_links":{"self":[{"href":"https:\/\/hallbartbyggande.com\/desso\/wp-json\/wp\/v2\/pages\/16"}],"collection":[{"href":"https:\/\/hallbartbyggande.com\/desso\/wp-json\/wp\/v2\/pages"}],"about":[{"href":"https:\/\/hallbartbyggande.com\/desso\/wp-json\/wp\/v2\/types\/page"}],"author":[{"embeddable":true,"href":"https:\/\/hallbartbyggande.com\/desso\/wp-json\/wp\/v2\/users\/1"}],"replies":[{"embeddable":true,"href":"https:\/\/hallbartbyggande.com\/desso\/wp-json\/wp\/v2\/comments?post=16"}],"version-history":[{"count":3,"href":"https:\/\/hallbartbyggande.com\/desso\/wp-json\/wp\/v2\/pages\/16\/revisions"}],"predecessor-version":[{"id":57,"href":"https:\/\/hallbartbyggande.com\/desso\/wp-json\/wp\/v2\/pages\/16\/revisions\/57"}],"wp:attachment":[{"href":"https:\/\/hallbartbyggande.com\/desso\/wp-json\/wp\/v2\/media?parent=16"}],"curies":[{"name":"wp","href":"https:\/\/api.w.org\/{rel}","templated":true}]}}