										  
											  
											 {"id":7,"date":"2014-09-24T15:21:39","date_gmt":"2014-09-24T13:21:39","guid":{"rendered":"http:\/\/hallbartbyggande.com\/buildsmart\/?page_id=7"},"modified":"2016-06-13T16:59:43","modified_gmt":"2016-06-13T14:59:43","slug":"kontakt","status":"publish","type":"page","link":"https:\/\/hallbartbyggande.com\/derbigum\/kontakt\/","title":{"rendered":"Kontakta oss"},"content":{"rendered":"<h2>Derbigum<\/h2>\n<p>Spjutv\u00e4gen 5<br \/>\n175 61 J\u00e4rf\u00e4lla<\/p>\n<div><strong>Tel:<\/strong> 08-795 94 80<\/div>\n<div><strong>Webb:<\/strong> <a href=\"http:\/\/www.buildsmart.se\" target=\"_blank\">www.buildsmart.se<\/a><\/div>\n","protected":false},"excerpt":{"rendered":"<p>Derbigum Spjutv\u00e4gen 5 175 61 J\u00e4rf\u00e4lla Tel: 08-795 94 80 Webb: www.buildsmart.se<\/p>\n","protected":false},"author":1,"featured_media":0,"parent":0,"menu_order":0,"comment_status":"open","ping_status":"open","template":"","meta":{"_monsterinsights_skip_tracking":false,"_monsterinsights_sitenote_active":false,"_monsterinsights_sitenote_note":"","_monsterinsights_sitenote_category":0,"_links_to":"","_links_to_target":""},"_links":{"self":[{"href":"https:\/\/hallbartbyggande.com\/derbigum\/wp-json\/wp\/v2\/pages\/7"}],"collection":[{"href":"https:\/\/hallbartbyggande.com\/derbigum\/wp-json\/wp\/v2\/pages"}],"about":[{"href":"https:\/\/hallbartbyggande.com\/derbigum\/wp-json\/wp\/v2\/types\/page"}],"author":[{"embeddable":true,"href":"https:\/\/hallbartbyggande.com\/derbigum\/wp-json\/wp\/v2\/users\/1"}],"replies":[{"embeddable":true,"href":"https:\/\/hallbartbyggande.com\/derbigum\/wp-json\/wp\/v2\/comments?post=7"}],"version-history":[{"count":8,"href":"https:\/\/hallbartbyggande.com\/derbigum\/wp-json\/wp\/v2\/pages\/7\/revisions"}],"predecessor-version":[{"id":71,"href":"https:\/\/hallbartbyggande.com\/derbigum\/wp-json\/wp\/v2\/pages\/7\/revisions\/71"}],"wp:attachment":[{"href":"https:\/\/hallbartbyggande.com\/derbigum\/wp-json\/wp\/v2\/media?parent=7"}],"curies":[{"name":"wp","href":"https:\/\/api.w.org\/{rel}","templated":true}]}}