										  
											  
											 {"id":2,"date":"2014-09-24T11:49:42","date_gmt":"2014-09-24T11:49:42","guid":{"rendered":"http:\/\/hallbartbyggande.com\/buildsmart\/?page_id=2"},"modified":"2016-06-13T17:00:45","modified_gmt":"2016-06-13T15:00:45","slug":"om-buildsmart","status":"publish","type":"page","link":"https:\/\/hallbartbyggande.com\/derbigum\/om-buildsmart\/","title":{"rendered":"Om Derbigum"},"content":{"rendered":"<p><strong>Derbigum levererar smarta l\u00f6sningar f\u00f6r h\u00e5llbart byggande. Vi siktar p\u00e5 toppen, det vill s\u00e4ga taken. Just det som vi har \u00f6ver 30 \u00e5rs erfarenhet av.<\/strong><\/p>\n<p>Det handlar om t\u00e4tskikt i \u00e5tervinningsbar asfalt, gr\u00f6na tak med unika egenskaper, energibesparande tak, solenergi, naturligt ljus och korkisolering.<\/p>\n<blockquote><p>Kort sagt, allt det d\u00e4r smarta som tak faktiskt kan bidra med f\u00f6r en mer h\u00e5llbar v\u00e4rld.<\/p><\/blockquote>\n","protected":false},"excerpt":{"rendered":"<p>Derbigum levererar smarta l\u00f6sningar f\u00f6r h\u00e5llbart byggande. Vi siktar p\u00e5 toppen, det vill s\u00e4ga taken. Just det som vi har \u00f6ver 30 \u00e5rs erfarenhet av. Det handlar om t\u00e4tskikt i \u00e5tervinningsbar asfalt, gr\u00f6na tak med unika egenskaper, energibesparande tak, solenergi, naturligt ljus och korkisolering. Kort sagt, allt det d\u00e4r smarta som tak faktiskt kan bidra &#8230;<\/p>\n","protected":false},"author":34,"featured_media":0,"parent":0,"menu_order":0,"comment_status":"open","ping_status":"open","template":"","meta":{"_monsterinsights_skip_tracking":false,"_monsterinsights_sitenote_active":false,"_monsterinsights_sitenote_note":"","_monsterinsights_sitenote_category":0,"_links_to":"","_links_to_target":""},"_links":{"self":[{"href":"https:\/\/hallbartbyggande.com\/derbigum\/wp-json\/wp\/v2\/pages\/2"}],"collection":[{"href":"https:\/\/hallbartbyggande.com\/derbigum\/wp-json\/wp\/v2\/pages"}],"about":[{"href":"https:\/\/hallbartbyggande.com\/derbigum\/wp-json\/wp\/v2\/types\/page"}],"author":[{"embeddable":true,"href":"https:\/\/hallbartbyggande.com\/derbigum\/wp-json\/wp\/v2\/users\/34"}],"replies":[{"embeddable":true,"href":"https:\/\/hallbartbyggande.com\/derbigum\/wp-json\/wp\/v2\/comments?post=2"}],"version-history":[{"count":10,"href":"https:\/\/hallbartbyggande.com\/derbigum\/wp-json\/wp\/v2\/pages\/2\/revisions"}],"predecessor-version":[{"id":73,"href":"https:\/\/hallbartbyggande.com\/derbigum\/wp-json\/wp\/v2\/pages\/2\/revisions\/73"}],"wp:attachment":[{"href":"https:\/\/hallbartbyggande.com\/derbigum\/wp-json\/wp\/v2\/media?parent=2"}],"curies":[{"name":"wp","href":"https:\/\/api.w.org\/{rel}","templated":true}]}}