										  
											  
											 {"id":2,"date":"2015-02-19T07:11:14","date_gmt":"2015-02-19T07:11:14","guid":{"rendered":"http:\/\/hallbartbyggande.com\/cramo\/?page_id=2"},"modified":"2015-02-19T14:46:21","modified_gmt":"2015-02-19T13:46:21","slug":"om-cramo","status":"publish","type":"page","link":"https:\/\/hallbartbyggande.com\/cramo\/om-cramo\/","title":{"rendered":"Om Cramo"},"content":{"rendered":"<p><strong>Cramo \u00e4r en paneuropeisk uthyrningskoncern.<\/strong> Moderbolaget i koncernen, Cramo Oyj, \u00e4r b\u00f6rsnoterat i Helsingfors. Cramo hyr ut maskiner, utrustning och flyttbara lokaler till byggindustrin, liksom till \u00f6vrigt n\u00e4ringsliv och den offentliga sektorn genom totalt cirka 360 dep\u00e5er i Skandinavien, Finland, de baltiska staterna, Kaliningrad, Polen, Tjeckien, Slovakien, Tyskland, \u00d6sterrike och Ungern. Dessutom bedrivs f\u00f6rs\u00e4ljning av begagnad utrustning f\u00f6r egen och f\u00f6r kunders r\u00e4kning.<\/p>\n","protected":false},"excerpt":{"rendered":"<p>Cramo \u00e4r en paneuropeisk uthyrningskoncern. Moderbolaget i koncernen, Cramo Oyj, \u00e4r b\u00f6rsnoterat i Helsingfors. Cramo hyr ut maskiner, utrustning och flyttbara lokaler till byggindustrin, liksom till \u00f6vrigt n\u00e4ringsliv och den offentliga sektorn genom totalt cirka 360 dep\u00e5er i Skandinavien, Finland, de baltiska staterna, Kaliningrad, Polen, Tjeckien, Slovakien, Tyskland, \u00d6sterrike och Ungern. Dessutom bedrivs f\u00f6rs\u00e4ljning av &#8230;<\/p>\n","protected":false},"author":82,"featured_media":0,"parent":0,"menu_order":0,"comment_status":"open","ping_status":"open","template":"","meta":{"_monsterinsights_skip_tracking":false,"_monsterinsights_sitenote_active":false,"_monsterinsights_sitenote_note":"","_monsterinsights_sitenote_category":0,"_links_to":"","_links_to_target":""},"_links":{"self":[{"href":"https:\/\/hallbartbyggande.com\/cramo\/wp-json\/wp\/v2\/pages\/2"}],"collection":[{"href":"https:\/\/hallbartbyggande.com\/cramo\/wp-json\/wp\/v2\/pages"}],"about":[{"href":"https:\/\/hallbartbyggande.com\/cramo\/wp-json\/wp\/v2\/types\/page"}],"author":[{"embeddable":true,"href":"https:\/\/hallbartbyggande.com\/cramo\/wp-json\/wp\/v2\/users\/82"}],"replies":[{"embeddable":true,"href":"https:\/\/hallbartbyggande.com\/cramo\/wp-json\/wp\/v2\/comments?post=2"}],"version-history":[{"count":2,"href":"https:\/\/hallbartbyggande.com\/cramo\/wp-json\/wp\/v2\/pages\/2\/revisions"}],"predecessor-version":[{"id":13,"href":"https:\/\/hallbartbyggande.com\/cramo\/wp-json\/wp\/v2\/pages\/2\/revisions\/13"}],"wp:attachment":[{"href":"https:\/\/hallbartbyggande.com\/cramo\/wp-json\/wp\/v2\/media?parent=2"}],"curies":[{"name":"wp","href":"https:\/\/api.w.org\/{rel}","templated":true}]}}