										  
											  
											 {"id":2,"date":"2014-09-24T12:22:31","date_gmt":"2014-09-24T12:22:31","guid":{"rendered":"http:\/\/hallbartbyggande.com\/produal\/?page_id=2"},"modified":"2024-12-19T12:22:04","modified_gmt":"2024-12-19T11:22:04","slug":"om-isocell","status":"publish","type":"page","link":"https:\/\/hallbartbyggande.com\/cleanburn\/om-isocell\/","title":{"rendered":"Om CleanBurn Bioenergi"},"content":{"rendered":"<p>&nbsp;<\/p>\n<p><strong>CleanBurn Bioenergi \u2013 25 \u00e5r av v\u00e4rme<\/strong><\/p>\n<p><strong>CleanBurn<\/strong> startade sin verksamhet redan 1999 av Bosse Augustsson och hade d\u00e5 fr\u00e4mst inriktning mot alloljebr\u00e4nnare.<\/p>\n<p><strong>2002 b\u00f6rjar vi \u00e4ven s\u00e4lja biobr\u00e4nslepannor<\/strong> och under flera \u00e5r utvecklade vi anpassningar av dessa f\u00f6r den svenska marknaden. Idag \u00e4r biobr\u00e4nslepannor den \u00f6verl\u00e4gset st\u00f6rsta delen av f\u00f6retagets oms\u00e4ttning samt reservdelar och service till s\u00e5dana.<\/p>\n<p><strong>2010 blir CleanBurn auktoriserad \u00e5terf\u00f6rs\u00e4ljare<\/strong> f\u00f6r det \u00f6sterrikiska kvalitetsm\u00e4rket Herz som \u00e4r ledande inom biobr\u00e4nslebranschen. Sedan dess har vi haft ett t\u00e4tt och bra samarbete med dem.<br \/>\nDet \u00e4r sk\u00f6nt att ha ett s\u00e5 stort och v\u00e4lrenommerat f\u00f6retag i ryggen eftersom det inneb\u00e4r trygghet f\u00f6r leveranser och att pannor och reservdelar alltid finns att tillg\u00e5. Herz har \u00e4ven ett mycket stort effektspann av pannor och t\u00e4cker d\u00e4rmed n\u00e4stan hela marknadens behov.<br \/>\nIdag finns tusentals CleanBurn-kunder \u00f6ver hela landet och \u00e4ven n\u00e5gra i \u00f6vriga Skandinavien.<\/p>\n<p>Teamet runt CleanBurn best\u00e5r av specialister inom alla omr\u00e5den s\u00e5som maskiningenj\u00f6r, elingenj\u00f6r, r\u00f6rl\u00e4ggare, styr- och reglerare, skorstensspecialist och snickare. Var och en sitter p\u00e5 m\u00e5nga \u00e5rs erfarenhet och stort \u201dknow how\u201d vilket genomsyrar hela kulturen inom f\u00f6retaget. Det \u00e4r ett v\u00e4l sammansvetsat team d\u00e4r de flesta jobbat l\u00e4nge tillsammans och k\u00e4nner varandra v\u00e4l vilket ocks\u00e5 borgar f\u00f6r teamk\u00e4nsla och en vilja att alltid g\u00f6ra sitt yttersta f\u00f6r b\u00e4sta m\u00f6jliga resultat.<\/p>\n<p>Det ska vara enkelt att v\u00e4rma milj\u00f6v\u00e4nligt och vi ger oss inte f\u00f6rr\u00e4n alla \u00e4r n\u00f6jda. <strong>V\u00e5r policy ut mot kund \u00e4r d\u00e4rf\u00f6r: \u201ddet ska bara fungera!\u201d <\/strong>Eftersom vi vet vad som fungerar s\u00e5 har vi kunnat effektivisera verksamheten och g\u00f6ra standardl\u00f6sningar som kunden sedan kan v\u00e4lja tillval till efter eget \u00f6nskem\u00e5l. Det g\u00f6r att man f\u00e5r en kvalitetsprodukt som \u00e4r noga testad och som kan g\u00e5 fr\u00e5n enklast och billigast m\u00f6jliga l\u00f6sning till v\u00e4ldigt avancerad allt efter vad slutkunden v\u00e4ljer.<br \/>\nVi har ocks\u00e5 stort reservdelslager och ett eget skorstenslager s\u00e5 v\u00e4ldigt mycket finns p\u00e5 hyllan n\u00e4r man beh\u00f6ver det. Dessutom m\u00e5nga fler\u00e5riga samarbetspartners i olika sektorer som alltid ser till att leva upp till de krav vi har.<\/p>\n<p>Kort sagt \u2013 vi ser fram emot ett samarbete och ska g\u00f6ra v\u00e5rt yttersta f\u00f6r att alla parter ska bli n\u00f6jda. Som vi alltid g\u00f6r med andra ord.<\/p>\n<p>&nbsp;<\/p>\n","protected":false},"excerpt":{"rendered":"<p>&nbsp; CleanBurn Bioenergi \u2013 25 \u00e5r av v\u00e4rme CleanBurn startade sin verksamhet redan 1999 av Bosse Augustsson och hade d\u00e5 fr\u00e4mst inriktning mot alloljebr\u00e4nnare. 2002 b\u00f6rjar vi \u00e4ven s\u00e4lja biobr\u00e4nslepannor och under flera \u00e5r utvecklade vi anpassningar av dessa f\u00f6r den svenska marknaden. Idag \u00e4r biobr\u00e4nslepannor den \u00f6verl\u00e4gset st\u00f6rsta delen av f\u00f6retagets oms\u00e4ttning samt reservdelar &#8230;<\/p>\n","protected":false},"author":53,"featured_media":0,"parent":0,"menu_order":0,"comment_status":"open","ping_status":"open","template":"","meta":{"_monsterinsights_skip_tracking":false,"_monsterinsights_sitenote_active":false,"_monsterinsights_sitenote_note":"","_monsterinsights_sitenote_category":0,"_links_to":"","_links_to_target":""},"_links":{"self":[{"href":"https:\/\/hallbartbyggande.com\/cleanburn\/wp-json\/wp\/v2\/pages\/2"}],"collection":[{"href":"https:\/\/hallbartbyggande.com\/cleanburn\/wp-json\/wp\/v2\/pages"}],"about":[{"href":"https:\/\/hallbartbyggande.com\/cleanburn\/wp-json\/wp\/v2\/types\/page"}],"author":[{"embeddable":true,"href":"https:\/\/hallbartbyggande.com\/cleanburn\/wp-json\/wp\/v2\/users\/53"}],"replies":[{"embeddable":true,"href":"https:\/\/hallbartbyggande.com\/cleanburn\/wp-json\/wp\/v2\/comments?post=2"}],"version-history":[{"count":5,"href":"https:\/\/hallbartbyggande.com\/cleanburn\/wp-json\/wp\/v2\/pages\/2\/revisions"}],"predecessor-version":[{"id":60,"href":"https:\/\/hallbartbyggande.com\/cleanburn\/wp-json\/wp\/v2\/pages\/2\/revisions\/60"}],"wp:attachment":[{"href":"https:\/\/hallbartbyggande.com\/cleanburn\/wp-json\/wp\/v2\/media?parent=2"}],"curies":[{"name":"wp","href":"https:\/\/api.w.org\/{rel}","templated":true}]}}