										  
											  
											 {"id":2,"date":"2014-05-26T07:50:14","date_gmt":"2014-05-26T07:50:14","guid":{"rendered":"http:\/\/hallbartbyggande.com\/byggvarubedomningen\/?page_id=2"},"modified":"2014-05-26T11:05:25","modified_gmt":"2014-05-26T09:05:25","slug":"om-byggvarubedomningen","status":"publish","type":"page","link":"https:\/\/hallbartbyggande.com\/byggvarubedomningen\/om-byggvarubedomningen\/","title":{"rendered":"Om Byggvarubed\u00f6mningen"},"content":{"rendered":"<p>Byggvarubed\u00f6mningen ska tillhandah\u00e5lla optimala verktyg f\u00f6r att underl\u00e4tta f\u00f6r bygg- och fastighetssektorns akt\u00f6rer att v\u00e4lja byggmaterial som bidrar till en h\u00e5llbar utveckling. Genom en aktiv dialog med materialtillverkare ska Byggvarubed\u00f6mningen utg\u00f6ra det sj\u00e4lvklara valet f\u00f6r registrering av produkter.<\/p>\n<p>Byggvarubed\u00f6mningen bed\u00f6mer och tillhandah\u00e5ller information om milj\u00f6bed\u00f6mda varor i en databas. Sveriges st\u00f6rsta fastighets\u00e4gare och byggherrar har g\u00e5tt samman f\u00f6r att ta fram en standard f\u00f6r milj\u00f6bed\u00f6mning av varor. Med en gemensam standard f\u00f6r bed\u00f6mningar och ett l\u00e4ttanv\u00e4nt systemst\u00f6d f\u00f6r att s\u00f6ka milj\u00f6bed\u00f6mda byggvaror \u00e4r ambitionen att morgondagens hus ska byggas och f\u00f6rvaltas med enbart milj\u00f6bed\u00f6mda och accepterade produkter i enlighet med Byggvarubed\u00f6mningens kriterier.<\/p>\n<p>Byggvarubed\u00f6mningen ser milj\u00f6bed\u00f6mning som ett s\u00e4tt att ta ansvar f\u00f6r det vi bygger in och anv\u00e4nder i v\u00e5ra hus och l\u00e4mnar till kommande generationer. Styrkan i Byggvarubed\u00f6mningen \u00e4r den breda uppslutningen bakom de bed\u00f6mningskriterier produkterna bed\u00f6ms efter.<\/p>\n<p>Byggvarubed\u00f6mningen utf\u00f6r milj\u00f6bed\u00f6mningar av bygg- och f\u00f6rvaltningsvaror utifr\u00e5n ett antal milj\u00f6kriterier. Kriterierna finns samlade i ett kriteriedokument. F\u00f6r respektive kriterium kan varan f\u00e5 bed\u00f6mningen \u201dRekommenderas\u201d, \u201dAccepteras\u201d eller \u201dUndviks\u201d. Den totala bed\u00f6mningen av en byggvara belyser totalt sju olika omr\u00e5den. De olika omr\u00e5dena v\u00e4rderas dels var f\u00f6r sig och dels g\u00f6rs en sammanv\u00e4gd bed\u00f6mning av byggvaran. Varor kan f\u00e5 totalbed\u00f6mningen \u201dRekommenderas\u201d, \u201dAccepteras\u201d eller \u201dUndviks\u201d, vilka illustreras som en gr\u00f6n, gul eller r\u00f6d symbol. Som underlag f\u00f6r bed\u00f6mning anv\u00e4nds information fr\u00e5n producent i form av byggvarudeklarationer, s\u00e4kerhetsdatablad, eventuella intyg om \u00e4mnesinneh\u00e5ll samt annan relevant produkt- och milj\u00f6information.<\/p>\n<p>F\u00f6r att s\u00e4kerst\u00e4lla att utf\u00f6rda bed\u00f6mningar \u00e5terspeglar aktuell produkt kr\u00e4vs att underlaget \u00e4r uppdaterat. F\u00f6r bed\u00f6mning av byggprodukter kr\u00e4vs en byggvarudeklaration (BVD3) eller motsvarande underlag som \u00e4r max 5 \u00e5r gammalt. BVD \u00e4gs idag av F\u00f6reningen f\u00f6r byggvarudeklarationer, som \u00e4r ett initiativ med syftet att s\u00e4kerst\u00e4lla att milj\u00f6information f\u00f6r byggprodukter finns publikt tillg\u00e4nglig genom en organisation utan bindningar till enskilda f\u00f6retags s\u00e4rintressen och konsultbolagens olika v\u00e4rderingssystem. F\u00f6r bed\u00f6mning av kemiska produkter kr\u00e4vs ett s\u00e4kerhetsdatablad p\u00e5 svenska som \u00e4r max 3 \u00e5r gammalt. F\u00f6r att en vara ska uppn\u00e5 bed\u00f6mningen \u201dRekommenderas\u201d kr\u00e4vs ocks\u00e5 att producenten intygar att varan \u00e4r fri fr\u00e5n ett antal utpekade s.k. o\u00f6nskade \u00e4mnen. Detta g\u00f6rs genom att producenten fyller i ett s.k. intyg om \u00e4mnesinneh\u00e5ll. Resultatet av en utf\u00f6rd produktbed\u00f6mning kommuniceras alltid till varans producent s\u00e5 att denne ges m\u00f6jlighet att l\u00e4mna eventuell kompletterande information till bed\u00f6mningsunderlagen. D\u00e4refter publiceras bed\u00f6mningen i Byggvarubed\u00f6mningens databas. Om producent \u00f6nskar l\u00e4mna ytterligare information kring utf\u00f6rd bed\u00f6mning hanteras detta som en ombed\u00f6mning. Om varan \u00e4r en kemisk produkt kr\u00e4vs (ut\u00f6ver en byggvarudeklaration) \u00e4ven ett s\u00e4kerhetsdatablad p\u00e5 svenska som \u00e4r max 3 \u00e5r gammalt.<\/p>\n<p>&nbsp;<\/p>\n","protected":false},"excerpt":{"rendered":"<p>Byggvarubed\u00f6mningen ska tillhandah\u00e5lla optimala verktyg f\u00f6r att underl\u00e4tta f\u00f6r bygg- och fastighetssektorns akt\u00f6rer att v\u00e4lja byggmaterial som bidrar till en h\u00e5llbar utveckling. Genom en aktiv dialog med materialtillverkare ska Byggvarubed\u00f6mningen utg\u00f6ra det sj\u00e4lvklara valet f\u00f6r registrering av produkter. Byggvarubed\u00f6mningen bed\u00f6mer och tillhandah\u00e5ller information om milj\u00f6bed\u00f6mda varor i en databas. Sveriges st\u00f6rsta fastighets\u00e4gare och byggherrar har &#8230;<\/p>\n","protected":false},"author":24,"featured_media":0,"parent":0,"menu_order":0,"comment_status":"open","ping_status":"open","template":"","meta":{"_monsterinsights_skip_tracking":false,"_monsterinsights_sitenote_active":false,"_monsterinsights_sitenote_note":"","_monsterinsights_sitenote_category":0,"_links_to":"","_links_to_target":""},"_links":{"self":[{"href":"https:\/\/hallbartbyggande.com\/byggvarubedomningen\/wp-json\/wp\/v2\/pages\/2"}],"collection":[{"href":"https:\/\/hallbartbyggande.com\/byggvarubedomningen\/wp-json\/wp\/v2\/pages"}],"about":[{"href":"https:\/\/hallbartbyggande.com\/byggvarubedomningen\/wp-json\/wp\/v2\/types\/page"}],"author":[{"embeddable":true,"href":"https:\/\/hallbartbyggande.com\/byggvarubedomningen\/wp-json\/wp\/v2\/users\/24"}],"replies":[{"embeddable":true,"href":"https:\/\/hallbartbyggande.com\/byggvarubedomningen\/wp-json\/wp\/v2\/comments?post=2"}],"version-history":[{"count":2,"href":"https:\/\/hallbartbyggande.com\/byggvarubedomningen\/wp-json\/wp\/v2\/pages\/2\/revisions"}],"predecessor-version":[{"id":10,"href":"https:\/\/hallbartbyggande.com\/byggvarubedomningen\/wp-json\/wp\/v2\/pages\/2\/revisions\/10"}],"wp:attachment":[{"href":"https:\/\/hallbartbyggande.com\/byggvarubedomningen\/wp-json\/wp\/v2\/media?parent=2"}],"curies":[{"name":"wp","href":"https:\/\/api.w.org\/{rel}","templated":true}]}}