										  
											  
											 {"id":45,"date":"2014-01-20T12:08:57","date_gmt":"2014-01-20T12:08:57","guid":{"rendered":"http:\/\/hallbartbyggande.com\/uponor\/?page_id=2"},"modified":"2014-01-27T15:09:09","modified_gmt":"2014-01-27T14:09:09","slug":"exempelsida-2","status":"publish","type":"page","link":"https:\/\/hallbartbyggande.com\/byggros\/","title":{"rendered":"Om BG Byggros"},"content":{"rendered":"<h2>BG Byggros \u00e4r ett f\u00f6retag som \u00e4r aktivt inom bygg- och anl\u00e4ggningsbranschen.<\/h2>\n<p>Vi tillhandah\u00e5ller ett brett utbud av specialprodukter och s\u00e4kra l\u00f6sningar med den gemensamma n\u00e4mnaren att de \u00f6kar livsl\u00e4ngden p\u00e5 konstruktioner. Dessutom inneb\u00e4r de flesta av v\u00e5ra l\u00f6sningar att anl\u00e4ggningsprocessen effektiviseras. Vi anser att en konstruktion b\u00f6r bed\u00f6mas utifr\u00e5n ett livscykelperspektiv f\u00f6r att ge en r\u00e4ttvis bild av dess kvalitet, kostnad och v\u00e4rden. D\u00e4rf\u00f6r arbetar vi med ledande leverant\u00f6rer inom fr\u00e4mst Europa och USA som har ett helhetst\u00e4nk och kan tillhandah\u00e5lla produkter av h\u00f6g kvalitet.<\/p>\n<h2>Produkter och l\u00f6sningar<\/h2>\n<p>Vi har marknadsledande system inom bl.a. v\u00e4g- och jordf\u00f6rst\u00e4rkning med geosynteter, bullerskyddskonstruktioner, erosionss\u00e4kring, taktr\u00e4dg\u00e5rdar och gr\u00f6na l\u00f6sningar i stadsmilj\u00f6, lokal avledning av dagvatten och font\u00e4nteknik.<br \/>\nInom v\u00e5ra k\u00e4rnomr\u00e5den har vi ett t\u00e4tt samarbete med v\u00e5ra leverant\u00f6rer och vi utvecklar ofta l\u00f6sningar gemensamt. Det senaste resultatet av denna typ av samarbete \u00e4r v\u00e5rat Urban Green-koncept vilket \u00e4r en samling gr\u00f6na planteringsl\u00f6sningar f\u00f6r stadsmilj\u00f6. Vi har \u00e4ven utvecklat det mycket konkurrenskraftiga st\u00f6dmursystemet Vector Wall som anv\u00e4nds till f\u00f6rst\u00e4rkning och uppbyggnad av branta sl\u00e4nter och bullermurar. Systemet \u00e4r patenterat och anv\u00e4nds bl.a. p\u00e5 K\u00f6penhamns Metro samt p\u00e5 Arlanda flygplats.<\/p>\n<p>Vi vill \u00e4ven lyfta fram v\u00e5rt koncept f\u00f6r taktr\u00e4dg\u00e5rdar, som g\u00e5r under namnet Diadem. Inom detta produktomr\u00e5de kan vi erbjuda allt fr\u00e5n tunna sedumtak till fullv\u00e4rdiga taktr\u00e4dg\u00e5rdar med rabatter, buskage och till och med tr\u00e4dplanteringar. Detta omr\u00e5de utvecklas st\u00e4ndigt och en av nyheterna \u00e4r DiaSafe, ett certifierat fallskyddssystem som kan installeras utan att man beh\u00f6ver g\u00f6ra h\u00e5l i takets t\u00e4tskikt.<\/p>\n<h2>Nordisk plattform<\/h2>\n<p>Byggros grundades i Danmark 1986 och har funnits p\u00e5 den svenska marknaden sedan 1999. Vi finns \u00e4ven representerade i Norge. F\u00f6retaget ing\u00e5r i koncernen BG Group, som samlar en handfull f\u00f6retag som bl.a. arbetar inom energi-, anl\u00e4ggnings- och milj\u00f6omr\u00e5det. Detta g\u00f6r att vi tillsammans med v\u00e5ra systerf\u00f6retag kan erbjuda ett brett utbud av tj\u00e4nster och produkter. Inom exempelvis geomembran kan vi tillhandah\u00e5lla en helhetsl\u00f6sning d\u00e4r vi st\u00e5r f\u00f6r allt fr\u00e5n utformning till materialleverans och installation. [\/one_half][\/fullwidth]\n<h2>Kvalitetsstyrning<\/h2>\n<p>V\u00e5rt kvalitetsstyrningssystem \u00e4r certifierat enligt DS\/EN ISO 9001:2010. Som en del av detta kr\u00e4ver vi att alla v\u00e5ra leverant\u00f6rer har en l\u00f6pande kvalitetskontroll p\u00e5 sina produkter.<\/p>\n<h2>Kompetenta medarbetare<\/h2>\n<p>V\u00e5ra tekniska konsulenter bist\u00e5r kunder genom hela projektf\u00f6rloppet och hj\u00e4lper till att utforma den b\u00e4sta l\u00f6sningen f\u00f6r varje behov. F\u00f6retagskulturen k\u00e4nnetecknas av att vi st\u00e4ndigt \u00e4r p\u00e5 jakt efter ny kunskap, b\u00e4ttre produkter och l\u00f6sningar och ny teknik. Samtidigt vilar vi p\u00e5 trygga v\u00e4rderingar d\u00e4r kvalitet, service, milj\u00f6 och sunt f\u00f6rnuft \u00e4r ledord.<\/p>\n<p><a href=\"http:\/\/hallbartbyggande.com\/byggros\/kontakt\">Kontakta oss f\u00f6r att f\u00e5 veta mer om hur vi kan hj\u00e4lpa dig med ditt n\u00e4sta projekt.<\/a><\/p>\n<p><a href=\"http:\/\/hallbartbyggande.com\/byggros\/wp-content\/blogs.dir\/sites\/5\/2014\/01\/diasafe_1_537x600_beskuren.png\"><img decoding=\"async\" loading=\"lazy\" class=\"alignnone size-medium wp-image-64\" alt=\"diasafe_1_537x600_beskuren\" src=\"http:\/\/hallbartbyggande.com\/byggros\/wp-content\/blogs.dir\/sites\/5\/2014\/01\/diasafe_1_537x600_beskuren-268x300.png\" width=\"268\" height=\"300\" srcset=\"https:\/\/hallbartbyggande.com\/byggros\/wp-content\/blogs.dir\/sites\/5\/2014\/01\/diasafe_1_537x600_beskuren-268x300.png 268w, https:\/\/hallbartbyggande.com\/byggros\/wp-content\/blogs.dir\/sites\/5\/2014\/01\/diasafe_1_537x600_beskuren.png 537w\" sizes=\"(max-width: 268px) 100vw, 268px\" \/><\/a><\/p>\n","protected":false},"excerpt":{"rendered":"<p>BG Byggros \u00e4r ett f\u00f6retag som \u00e4r aktivt inom bygg- och anl\u00e4ggningsbranschen. Vi tillhandah\u00e5ller ett brett utbud av specialprodukter och s\u00e4kra l\u00f6sningar med den gemensamma n\u00e4mnaren att de \u00f6kar livsl\u00e4ngden p\u00e5 konstruktioner. Dessutom inneb\u00e4r de flesta av v\u00e5ra l\u00f6sningar att anl\u00e4ggningsprocessen effektiviseras. Vi anser att en konstruktion b\u00f6r bed\u00f6mas utifr\u00e5n ett livscykelperspektiv f\u00f6r att ge &#8230;<\/p>\n","protected":false},"author":1,"featured_media":0,"parent":0,"menu_order":0,"comment_status":"open","ping_status":"open","template":"","meta":{"_monsterinsights_skip_tracking":false,"_monsterinsights_sitenote_active":false,"_monsterinsights_sitenote_note":"","_monsterinsights_sitenote_category":0,"_links_to":"","_links_to_target":""},"_links":{"self":[{"href":"https:\/\/hallbartbyggande.com\/byggros\/wp-json\/wp\/v2\/pages\/45"}],"collection":[{"href":"https:\/\/hallbartbyggande.com\/byggros\/wp-json\/wp\/v2\/pages"}],"about":[{"href":"https:\/\/hallbartbyggande.com\/byggros\/wp-json\/wp\/v2\/types\/page"}],"author":[{"embeddable":true,"href":"https:\/\/hallbartbyggande.com\/byggros\/wp-json\/wp\/v2\/users\/1"}],"replies":[{"embeddable":true,"href":"https:\/\/hallbartbyggande.com\/byggros\/wp-json\/wp\/v2\/comments?post=45"}],"version-history":[{"count":15,"href":"https:\/\/hallbartbyggande.com\/byggros\/wp-json\/wp\/v2\/pages\/45\/revisions"}],"predecessor-version":[{"id":83,"href":"https:\/\/hallbartbyggande.com\/byggros\/wp-json\/wp\/v2\/pages\/45\/revisions\/83"}],"wp:attachment":[{"href":"https:\/\/hallbartbyggande.com\/byggros\/wp-json\/wp\/v2\/media?parent=45"}],"curies":[{"name":"wp","href":"https:\/\/api.w.org\/{rel}","templated":true}]}}