										  
											  
											 {"id":23,"date":"2016-06-29T12:55:47","date_gmt":"2016-06-29T10:55:47","guid":{"rendered":"http:\/\/hallbartbyggande.com\/ebm-papst\/?page_id=23"},"modified":"2025-03-04T16:46:06","modified_gmt":"2025-03-04T15:46:06","slug":"om-byggma-group","status":"publish","type":"page","link":"https:\/\/hallbartbyggande.com\/byggmagroup\/om-byggma-group\/","title":{"rendered":"Om Byggma Group"},"content":{"rendered":"<div><\/div>\n<div>\n<p><strong>Byggma ASA \u00e4ger produktionsbolagen Forestia, Huntonit AS, AS Uldal, Masonite Beams AB, Smartpanel AS, Aneta Lighting AS och Aneta Lighting AB samt f\u00f6rs\u00e4ljningsbolagen Huntonit AB i Sverige.<\/strong><\/p>\n<p>Byggma ASA \u00e4r en av de ledande leverant\u00f6rerna av byggmaterial och byggvaror i Norden. Den f\u00f6rv\u00e4ntade koncernoms\u00e4ttningen 2022 \u00e4r 2 700 miljoner norska kronor.<\/p>\n<p>I Byggma ASA ing\u00e5r v\u00e4lk\u00e4nda f\u00f6retag som Forestia, Huntonit, Uldal, Smartpanel, Masonite Beams,Aneta Lighting AS och Aneta Lighting AB. Med v\u00e5r starka s\u00e4lj-och marknadsorganisation, siktar vi p\u00e5 att ha en av de b\u00e4sta f\u00f6rs\u00e4ljnings-och serviceenheter till industrikunder och byggvaruhandeln.<\/p>\n<p>Vi \u00e4r cirka 740 medarbetare inom koncernen Byggma Group. Vid huvudkontoret \u00e4r funktioner s\u00e5som f\u00f6rs\u00e4ljning, marknadsf\u00f6ring, ink\u00f6p, administration och ekonomi.<\/p>\n<\/div>\n","protected":false},"excerpt":{"rendered":"<p>Byggma ASA \u00e4ger produktionsbolagen Forestia, Huntonit AS, AS Uldal, Masonite Beams AB, Smartpanel AS, Aneta Lighting AS och Aneta Lighting AB samt f\u00f6rs\u00e4ljningsbolagen Huntonit AB i Sverige. Byggma ASA \u00e4r en av de ledande leverant\u00f6rerna av byggmaterial och byggvaror i Norden. Den f\u00f6rv\u00e4ntade koncernoms\u00e4ttningen 2022 \u00e4r 2 700 miljoner norska kronor. I Byggma ASA ing\u00e5r &#8230;<\/p>\n","protected":false},"author":1,"featured_media":0,"parent":0,"menu_order":0,"comment_status":"closed","ping_status":"closed","template":"","meta":{"_monsterinsights_skip_tracking":false,"_monsterinsights_sitenote_active":false,"_monsterinsights_sitenote_note":"","_monsterinsights_sitenote_category":0,"_links_to":"","_links_to_target":""},"_links":{"self":[{"href":"https:\/\/hallbartbyggande.com\/byggmagroup\/wp-json\/wp\/v2\/pages\/23"}],"collection":[{"href":"https:\/\/hallbartbyggande.com\/byggmagroup\/wp-json\/wp\/v2\/pages"}],"about":[{"href":"https:\/\/hallbartbyggande.com\/byggmagroup\/wp-json\/wp\/v2\/types\/page"}],"author":[{"embeddable":true,"href":"https:\/\/hallbartbyggande.com\/byggmagroup\/wp-json\/wp\/v2\/users\/1"}],"replies":[{"embeddable":true,"href":"https:\/\/hallbartbyggande.com\/byggmagroup\/wp-json\/wp\/v2\/comments?post=23"}],"version-history":[{"count":10,"href":"https:\/\/hallbartbyggande.com\/byggmagroup\/wp-json\/wp\/v2\/pages\/23\/revisions"}],"predecessor-version":[{"id":219,"href":"https:\/\/hallbartbyggande.com\/byggmagroup\/wp-json\/wp\/v2\/pages\/23\/revisions\/219"}],"wp:attachment":[{"href":"https:\/\/hallbartbyggande.com\/byggmagroup\/wp-json\/wp\/v2\/media?parent=23"}],"curies":[{"name":"wp","href":"https:\/\/api.w.org\/{rel}","templated":true}]}}