										  
											  
											 {"id":2,"date":"2014-09-24T11:58:30","date_gmt":"2014-09-24T11:58:30","guid":{"rendered":"http:\/\/hallbartbyggande.com\/boklok\/?page_id=2"},"modified":"2016-12-14T11:27:43","modified_gmt":"2016-12-14T10:27:43","slug":"om-boklok","status":"publish","type":"page","link":"https:\/\/hallbartbyggande.com\/boklok\/om-boklok\/","title":{"rendered":"Prisv\u00e4rda hem f\u00f6r alla"},"content":{"rendered":"<p>BoKlok \u00e4r inte som andra byggbolag. V\u00e5rt koncept g\u00e5r i korthet ut p\u00e5 att de som bor ska f\u00e5 s\u00e5 mycket boende som m\u00f6jligt f\u00f6r s\u00e5 lite pengar som m\u00f6jligt.<\/p>\n<p>N\u00e4r vi b\u00f6rjade skissa p\u00e5 BoKlok valde vi att f\u00f6rst ta reda p\u00e5 n\u00e5gra viktiga saker, n\u00e4mligen: Vem bygger vi f\u00f6r? Vad har de r\u00e5d och lust att betala? Och hur vill de bo? Svaren: Till exempel en ensamst\u00e5ende f\u00f6rskolel\u00e4rare med tv\u00e5 barn. Inte s\u00e5 mycket. Ljust och fr\u00e4scht, n\u00e4ra gr\u00f6nska och kollektivtrafik..<\/p>\n<p>Det kan man ju tycka l\u00e5ter mots\u00e4gelsefullt, s\u00e5 bra till s\u00e5 l\u00e5gt pris? Men vi s\u00e5g det i st\u00e4llet som en inspirerande utmaning. S\u00e5 d\u00e5 best\u00e4mde vi oss f\u00f6r att v\u00e5r boendekostnad alltid ska vara l\u00e4gre \u00e4n f\u00f6r andra motsvarande bost\u00e4der p\u00e5 samma ort.<\/p>\n<p>Och vi bygger s\u00e5 att det knakar, under 2013 flyttade mer \u00e4n 1000 m\u00e4nniskor in i ett nytt hem fr\u00e5n BoKlok. Men den siffran kunde varit mycket h\u00f6gre om vi bara haft mer mark!<\/p>\n<p>&nbsp;<\/p>\n","protected":false},"excerpt":{"rendered":"<p>BoKlok \u00e4r inte som andra byggbolag. V\u00e5rt koncept g\u00e5r i korthet ut p\u00e5 att de som bor ska f\u00e5 s\u00e5 mycket boende som m\u00f6jligt f\u00f6r s\u00e5 lite pengar som m\u00f6jligt. N\u00e4r vi b\u00f6rjade skissa p\u00e5 BoKlok valde vi att f\u00f6rst ta reda p\u00e5 n\u00e5gra viktiga saker, n\u00e4mligen: Vem bygger vi f\u00f6r? Vad har de r\u00e5d &#8230;<\/p>\n","protected":false},"author":40,"featured_media":0,"parent":0,"menu_order":0,"comment_status":"open","ping_status":"open","template":"","meta":{"_monsterinsights_skip_tracking":false,"_monsterinsights_sitenote_active":false,"_monsterinsights_sitenote_note":"","_monsterinsights_sitenote_category":0,"_links_to":"","_links_to_target":""},"_links":{"self":[{"href":"https:\/\/hallbartbyggande.com\/boklok\/wp-json\/wp\/v2\/pages\/2"}],"collection":[{"href":"https:\/\/hallbartbyggande.com\/boklok\/wp-json\/wp\/v2\/pages"}],"about":[{"href":"https:\/\/hallbartbyggande.com\/boklok\/wp-json\/wp\/v2\/types\/page"}],"author":[{"embeddable":true,"href":"https:\/\/hallbartbyggande.com\/boklok\/wp-json\/wp\/v2\/users\/40"}],"replies":[{"embeddable":true,"href":"https:\/\/hallbartbyggande.com\/boklok\/wp-json\/wp\/v2\/comments?post=2"}],"version-history":[{"count":3,"href":"https:\/\/hallbartbyggande.com\/boklok\/wp-json\/wp\/v2\/pages\/2\/revisions"}],"predecessor-version":[{"id":30,"href":"https:\/\/hallbartbyggande.com\/boklok\/wp-json\/wp\/v2\/pages\/2\/revisions\/30"}],"wp:attachment":[{"href":"https:\/\/hallbartbyggande.com\/boklok\/wp-json\/wp\/v2\/media?parent=2"}],"curies":[{"name":"wp","href":"https:\/\/api.w.org\/{rel}","templated":true}]}}