										  
											  
											 {"id":16,"date":"2014-02-10T17:05:48","date_gmt":"2014-02-10T16:05:48","guid":{"rendered":"http:\/\/hallbartbyggande.com\/pppolymer\/?page_id=16"},"modified":"2025-06-25T20:20:43","modified_gmt":"2025-06-25T18:20:43","slug":"om-bm","status":"publish","type":"page","link":"https:\/\/hallbartbyggande.com\/bm\/om-bm\/","title":{"rendered":"Om BM"},"content":{"rendered":"<p><strong>Byggsektorns Milj\u00f6ber\u00e4kningsplattforms<\/strong> mission \u00e4r att tillhandah\u00e5lla marknadens mest kvalitetsorienterade och anv\u00e4ndarv\u00e4nliga ber\u00e4kningsverktyg, klimatdata och kunskapsst\u00f6d f\u00f6r sm\u00e5 och stora anv\u00e4ndare i samh\u00e4llsbyggnadssektorn.<\/p>\n<p><strong>V\u00e5ra verktyg<\/strong> hj\u00e4lper dig att ber\u00e4kna klimatp\u00e5verkan fr\u00e5n byggnaders hela livscykel \u2013 fr\u00e5n material och transporter till energi och renoveringar. Med vetenskapligt f\u00f6rankrad LCA-metodik uppfyller du krav f\u00f6r klimatdeklarationer, certifieringar och upphandlingar.<\/p>\n<p><strong>BMs utbildningar<\/strong> ger dig teoretisk och praktiska kunskaper inom klimatp\u00e5verkan fr\u00e5n byggnader &#8211; fr\u00e5n grundl\u00e4ggande ber\u00e4kningsprinciper till avancerad livscykelanalys &#8211; s\u00e5 att du kan bidra till en mer h\u00e5llbar byggsektor<\/p>\n<p>Byggsektorns Milj\u00f6ber\u00e4kningsplattform utvecklas av IVL Svenska Milj\u00f6institutet \u2014 ett ledande forskningsinstitut inom milj\u00f6 och h\u00e5llbarhet. Tillsammans med v\u00e5ra andra IVL-bolag och tj\u00e4nster som Centrum f\u00f6r cirkul\u00e4rt byggande, BASTA, eBVD, M\u00f6belfakta och EPD International st\u00f6ttar vi h\u00e5llbar omst\u00e4llning i hela samh\u00e4llsbyggnadsindustrin.<\/p>\n<p>Hundratals entrepren\u00f6rer, fastighets\u00e4gare, kommuner, arkitekter, konsulter och forskare \u00f6ver hela landet anv\u00e4nder BMs mjukvaror, tj\u00e4nster och utbildningar f\u00f6r att designa, bygga och f\u00f6rvalta framtiden.<\/p>\n<p><strong>L\u00e4s mer p\u00e5 <a href=\"https:\/\/bm.se\/\"><span style=\"color: #3366ff;\">bm.se<\/span><\/a><\/strong><\/p>\n<p>&nbsp;<\/p>\n<p>&nbsp;<\/p>\n<p>&nbsp;<\/p>\n","protected":false},"excerpt":{"rendered":"<p>Byggsektorns Milj\u00f6ber\u00e4kningsplattforms mission \u00e4r att tillhandah\u00e5lla marknadens mest kvalitetsorienterade och anv\u00e4ndarv\u00e4nliga ber\u00e4kningsverktyg, klimatdata och kunskapsst\u00f6d f\u00f6r sm\u00e5 och stora anv\u00e4ndare i samh\u00e4llsbyggnadssektorn. V\u00e5ra verktyg hj\u00e4lper dig att ber\u00e4kna klimatp\u00e5verkan fr\u00e5n byggnaders hela livscykel \u2013 fr\u00e5n material och transporter till energi och renoveringar. Med vetenskapligt f\u00f6rankrad LCA-metodik uppfyller du krav f\u00f6r klimatdeklarationer, certifieringar och upphandlingar. BMs &#8230;<\/p>\n","protected":false},"author":1,"featured_media":0,"parent":0,"menu_order":0,"comment_status":"open","ping_status":"open","template":"","meta":{"_monsterinsights_skip_tracking":false,"_monsterinsights_sitenote_active":false,"_monsterinsights_sitenote_note":"","_monsterinsights_sitenote_category":0,"_links_to":"","_links_to_target":""},"_links":{"self":[{"href":"https:\/\/hallbartbyggande.com\/bm\/wp-json\/wp\/v2\/pages\/16"}],"collection":[{"href":"https:\/\/hallbartbyggande.com\/bm\/wp-json\/wp\/v2\/pages"}],"about":[{"href":"https:\/\/hallbartbyggande.com\/bm\/wp-json\/wp\/v2\/types\/page"}],"author":[{"embeddable":true,"href":"https:\/\/hallbartbyggande.com\/bm\/wp-json\/wp\/v2\/users\/1"}],"replies":[{"embeddable":true,"href":"https:\/\/hallbartbyggande.com\/bm\/wp-json\/wp\/v2\/comments?post=16"}],"version-history":[{"count":16,"href":"https:\/\/hallbartbyggande.com\/bm\/wp-json\/wp\/v2\/pages\/16\/revisions"}],"predecessor-version":[{"id":139,"href":"https:\/\/hallbartbyggande.com\/bm\/wp-json\/wp\/v2\/pages\/16\/revisions\/139"}],"wp:attachment":[{"href":"https:\/\/hallbartbyggande.com\/bm\/wp-json\/wp\/v2\/media?parent=16"}],"curies":[{"name":"wp","href":"https:\/\/api.w.org\/{rel}","templated":true}]}}