										  
											  
											 {"id":21,"date":"2016-06-29T12:49:39","date_gmt":"2016-06-29T10:49:39","guid":{"rendered":"http:\/\/hallbartbyggande.com\/isover\/?page_id=21"},"modified":"2024-10-08T05:27:22","modified_gmt":"2024-10-08T03:27:22","slug":"om-blaklader","status":"publish","type":"page","link":"https:\/\/hallbartbyggande.com\/blaklader\/om-blaklader\/","title":{"rendered":"Om Bl\u00e5kl\u00e4der"},"content":{"rendered":"<p><strong>Bl\u00e5kl\u00e4der Workwear<\/strong> grundades i Svenljunga 1959. F\u00f6retaget utvecklar, tillverkar och distribuerar arbetskl\u00e4der, skyddsskor och handskar f\u00f6r yrkesverksamma inom hantverk, transport, industri och service. Ledord f\u00f6r Bl\u00e5kl\u00e4der \u00e4r kvalitet, h\u00e5llbarhet och funktionalitet \u2013 komponenter i verksamheten som Bl\u00e5kl\u00e4der st\u00e4ndigt arbetar f\u00f6r att f\u00f6rb\u00e4ttra.<\/p>\n<p>Bl\u00e5kl\u00e4der finns representerat i 20 l\u00e4nder och f\u00f6retagets huvudkontor ligger i Svenljunga. Med fabriker i Sri Lanka och Myanmar, mer \u00e4n 6 000 anst\u00e4llda och en \u00e5rlig oms\u00e4ttning p\u00e5 2,4 miljarder SEK \u00e4r Bl\u00e5kl\u00e4der en av v\u00e4rldens ledande tillverkare av kvalitetsarbetskl\u00e4der och det st\u00f6rsta och mest erk\u00e4nda varum\u00e4rket f\u00f6r arbetskl\u00e4der i Norden.<\/p>\n<p><strong>L\u00e4s mer p\u00e5 <a href=\"https:\/\/www.blaklader.com\">www.blaklader.com<\/a><\/strong><\/p>\n","protected":false},"excerpt":{"rendered":"<p>Bl\u00e5kl\u00e4der Workwear grundades i Svenljunga 1959. F\u00f6retaget utvecklar, tillverkar och distribuerar arbetskl\u00e4der, skyddsskor och handskar f\u00f6r yrkesverksamma inom hantverk, transport, industri och service. Ledord f\u00f6r Bl\u00e5kl\u00e4der \u00e4r kvalitet, h\u00e5llbarhet och funktionalitet \u2013 komponenter i verksamheten som Bl\u00e5kl\u00e4der st\u00e4ndigt arbetar f\u00f6r att f\u00f6rb\u00e4ttra. Bl\u00e5kl\u00e4der finns representerat i 20 l\u00e4nder och f\u00f6retagets huvudkontor ligger i Svenljunga. Med &#8230;<\/p>\n","protected":false},"author":1,"featured_media":0,"parent":0,"menu_order":0,"comment_status":"closed","ping_status":"closed","template":"","meta":{"_monsterinsights_skip_tracking":false,"_monsterinsights_sitenote_active":false,"_monsterinsights_sitenote_note":"","_monsterinsights_sitenote_category":0,"_links_to":"","_links_to_target":""},"_links":{"self":[{"href":"https:\/\/hallbartbyggande.com\/blaklader\/wp-json\/wp\/v2\/pages\/21"}],"collection":[{"href":"https:\/\/hallbartbyggande.com\/blaklader\/wp-json\/wp\/v2\/pages"}],"about":[{"href":"https:\/\/hallbartbyggande.com\/blaklader\/wp-json\/wp\/v2\/types\/page"}],"author":[{"embeddable":true,"href":"https:\/\/hallbartbyggande.com\/blaklader\/wp-json\/wp\/v2\/users\/1"}],"replies":[{"embeddable":true,"href":"https:\/\/hallbartbyggande.com\/blaklader\/wp-json\/wp\/v2\/comments?post=21"}],"version-history":[{"count":6,"href":"https:\/\/hallbartbyggande.com\/blaklader\/wp-json\/wp\/v2\/pages\/21\/revisions"}],"predecessor-version":[{"id":134,"href":"https:\/\/hallbartbyggande.com\/blaklader\/wp-json\/wp\/v2\/pages\/21\/revisions\/134"}],"wp:attachment":[{"href":"https:\/\/hallbartbyggande.com\/blaklader\/wp-json\/wp\/v2\/media?parent=21"}],"curies":[{"name":"wp","href":"https:\/\/api.w.org\/{rel}","templated":true}]}}