										  
											  
											 {"id":19,"date":"2016-06-29T12:49:28","date_gmt":"2016-06-29T10:49:28","guid":{"rendered":"http:\/\/hallbartbyggande.com\/isover\/?page_id=19"},"modified":"2024-10-08T05:28:35","modified_gmt":"2024-10-08T03:28:35","slug":"kontakt","status":"publish","type":"page","link":"https:\/\/hallbartbyggande.com\/blaklader\/kontakt\/","title":{"rendered":"Kontakt"},"content":{"rendered":"<p><strong>Adress<\/strong><br \/>\nPr\u00e4stag\u00e4rdet 3<br \/>\n512 53 Svenljunga<br \/>\n0325-66 19 00<\/p>\n<p><strong>Kontakt <\/strong><br \/>\nMatilda Simon Ekstr\u00f6m<br \/>\nmatilda.simon(at)blaklader.com<br \/>\n0721 41 91 18<\/p>\n","protected":false},"excerpt":{"rendered":"<p>Adress Pr\u00e4stag\u00e4rdet 3 512 53 Svenljunga 0325-66 19 00 Kontakt Matilda Simon Ekstr\u00f6m matilda.simon(at)blaklader.com 0721 41 91 18<\/p>\n","protected":false},"author":1,"featured_media":0,"parent":0,"menu_order":0,"comment_status":"closed","ping_status":"closed","template":"","meta":{"_monsterinsights_skip_tracking":false,"_monsterinsights_sitenote_active":false,"_monsterinsights_sitenote_note":"","_monsterinsights_sitenote_category":0,"_links_to":"","_links_to_target":""},"_links":{"self":[{"href":"https:\/\/hallbartbyggande.com\/blaklader\/wp-json\/wp\/v2\/pages\/19"}],"collection":[{"href":"https:\/\/hallbartbyggande.com\/blaklader\/wp-json\/wp\/v2\/pages"}],"about":[{"href":"https:\/\/hallbartbyggande.com\/blaklader\/wp-json\/wp\/v2\/types\/page"}],"author":[{"embeddable":true,"href":"https:\/\/hallbartbyggande.com\/blaklader\/wp-json\/wp\/v2\/users\/1"}],"replies":[{"embeddable":true,"href":"https:\/\/hallbartbyggande.com\/blaklader\/wp-json\/wp\/v2\/comments?post=19"}],"version-history":[{"count":6,"href":"https:\/\/hallbartbyggande.com\/blaklader\/wp-json\/wp\/v2\/pages\/19\/revisions"}],"predecessor-version":[{"id":136,"href":"https:\/\/hallbartbyggande.com\/blaklader\/wp-json\/wp\/v2\/pages\/19\/revisions\/136"}],"wp:attachment":[{"href":"https:\/\/hallbartbyggande.com\/blaklader\/wp-json\/wp\/v2\/media?parent=19"}],"curies":[{"name":"wp","href":"https:\/\/api.w.org\/{rel}","templated":true}]}}