										  
											  
											 {"id":2,"date":"2014-09-24T12:09:22","date_gmt":"2014-09-24T12:09:22","guid":{"rendered":"http:\/\/hallbartbyggande.com\/bengtdahlgren\/?page_id=2"},"modified":"2015-04-16T13:09:36","modified_gmt":"2015-04-16T11:09:36","slug":"om-bengt-dahlgren","status":"publish","type":"page","link":"https:\/\/hallbartbyggande.com\/bengtdahlgren\/om-bengt-dahlgren\/","title":{"rendered":"Om Bengt Dahlgren"},"content":{"rendered":"<h2>Teknikkonsult inom samh\u00e4llsbyggnad<\/h2>\n<h4>Bengt Dahlgren \u00e4r ett privat\u00e4gt teknikkonsultf\u00f6retag som \u00e4r verksamt inom hela bygg- och f\u00f6rvaltningsprocessen. Vi tillhandah\u00e5ller kvalificerade ingenj\u00f6rer inom VVS, brand &amp; risk mm.<\/h4>\n<p>F\u00f6retaget grundades 1952, och har sedan dess vuxit till att bli en av Sveriges ledande oberoende konsulter utan bindningar till vare sig entrepren\u00f6rer eller tillverkare. Bengt Dahlgren-koncernen har cirka 400 medarbetare som verkar i hela landet men \u00e4ven internationellt. V\u00e5r oms\u00e4ttning \u00e4r cirka 400 miljoner SEK per \u00e5r (2013).<br \/>\nV\u00e5r breda kompetens och v\u00e5rt stora utbud av tj\u00e4nster g\u00f6r att vi kan erbjuda kundn\u00e4ra helhetsl\u00f6sningar genom hela processen.<\/p>\n<p>L\u00e4s mer om bygg- och f\u00f6rvaltningsprocessen d\u00e4r vi ocks\u00e5 visar ett axplock av tj\u00e4nster vi erbjuder i de olika skedena.<\/p>\n<h2>VISION OCH MISSION<\/h2>\n<p>Att vara det sj\u00e4lvklara valet f\u00f6r kunder och medarbetare.<br \/>\nI v\u00e5r milj\u00f6 f\u00f6rverkligas goda id\u00e9er, m\u00e4nniskor v\u00e4xer och tillsammans skapar vi v\u00e4rden f\u00f6r s\u00e5v\u00e4l oss sj\u00e4lva som v\u00e5ra kunder och samh\u00e4llet i stort. Som teknikkonsulter str\u00e4var vi efter att g\u00f6ra det sv\u00e5ra enkelt.<\/p>\n<h2>AFF\u00c4RSID\u00c9<\/h2>\n<p>Bengt Dahlgren koncernens aff\u00e4rsid\u00e9 \u00e4r att kombinera det stora f\u00f6retagets styrkor med det lilla f\u00f6retagets snabbhet, flexibilitet och n\u00e4rhet. Detta g\u00f6r vi genom att skapa en kultur med optimala f\u00f6ruts\u00e4ttningar f\u00f6r branschens vassaste konsulter. Vi hj\u00e4lps \u00e5t att utveckla spetskompetens f\u00f6r v\u00e5ra kunder.<\/p>\n<h2>V\u00c4RDERINGAR<\/h2>\n<p>V\u00e5ra v\u00e4rderingar visar v\u00e5rt arbetss\u00e4tt, vad vi vill uppn\u00e5 och vad vi tycker \u00e4r viktigt, bra och efterstr\u00e4vansv\u00e4rt.<\/p>\n<p><strong>Helhetssyn<\/strong> \u2013 inneb\u00e4r att vi erbjuder l\u00e5ngsiktiga och v\u00e4rdeskapande l\u00f6sningar. Utifr\u00e5n kundens perspektiv och behov skapar vi balans mellan funktionella, ekonomiska och tidsm\u00e4ssiga f\u00f6ruts\u00e4ttningar. Vi bedriver ocks\u00e5 ett aktivt milj\u00f6arbete.<\/p>\n<p><strong>Engagemang<\/strong> \u2013 definierar vi som drivkraft, h\u00f6g tillg\u00e4nglighet och kundomh\u00e4ndertagande. V\u00e5ra kundrelationer \u00e4r viktiga, d\u00e4rf\u00f6r kan du som kund f\u00f6rv\u00e4nta dig att vi alltid ger l\u00f6pande information genom projekten och har h\u00f6g tillg\u00e4nglighet.<\/p>\n<p><strong>Nyt\u00e4nkande<\/strong> \u2013 inneb\u00e4r att vi \u00e4r proaktiva och fokuserar p\u00e5 kvalitet, milj\u00f6- och energiaspekter. Vi g\u00e5r utanf\u00f6r traditionella l\u00f6sningar och f\u00f6resl\u00e5r nya id\u00e9er. Vi h\u00e5ller oss alltid uppdaterade inom utvecklingen i v\u00e5r bransch och samarbetar med h\u00f6gskolor och universitet.<\/p>\n<p><strong>Spetskompetens<\/strong> \u2013 omfattar kunskap, kompetensutveckling och erfarenhets\u00e5terf\u00f6ring. Vi initierar och skapar f\u00f6ruts\u00e4ttningar f\u00f6r utbildning och vidareutveckling f\u00f6r v\u00e5ra medarbetare samt deltar i branschens forskning och utveckling.<\/p>\n","protected":false},"excerpt":{"rendered":"<p>Teknikkonsult inom samh\u00e4llsbyggnad Bengt Dahlgren \u00e4r ett privat\u00e4gt teknikkonsultf\u00f6retag som \u00e4r verksamt inom hela bygg- och f\u00f6rvaltningsprocessen. Vi tillhandah\u00e5ller kvalificerade ingenj\u00f6rer inom VVS, brand &amp; risk mm. F\u00f6retaget grundades 1952, och har sedan dess vuxit till att bli en av Sveriges ledande oberoende konsulter utan bindningar till vare sig entrepren\u00f6rer eller tillverkare. Bengt Dahlgren-koncernen har &#8230;<\/p>\n","protected":false},"author":48,"featured_media":0,"parent":0,"menu_order":0,"comment_status":"open","ping_status":"open","template":"","meta":{"_monsterinsights_skip_tracking":false,"_monsterinsights_sitenote_active":false,"_monsterinsights_sitenote_note":"","_monsterinsights_sitenote_category":0,"_links_to":"","_links_to_target":""},"_links":{"self":[{"href":"https:\/\/hallbartbyggande.com\/bengtdahlgren\/wp-json\/wp\/v2\/pages\/2"}],"collection":[{"href":"https:\/\/hallbartbyggande.com\/bengtdahlgren\/wp-json\/wp\/v2\/pages"}],"about":[{"href":"https:\/\/hallbartbyggande.com\/bengtdahlgren\/wp-json\/wp\/v2\/types\/page"}],"author":[{"embeddable":true,"href":"https:\/\/hallbartbyggande.com\/bengtdahlgren\/wp-json\/wp\/v2\/users\/48"}],"replies":[{"embeddable":true,"href":"https:\/\/hallbartbyggande.com\/bengtdahlgren\/wp-json\/wp\/v2\/comments?post=2"}],"version-history":[{"count":5,"href":"https:\/\/hallbartbyggande.com\/bengtdahlgren\/wp-json\/wp\/v2\/pages\/2\/revisions"}],"predecessor-version":[{"id":33,"href":"https:\/\/hallbartbyggande.com\/bengtdahlgren\/wp-json\/wp\/v2\/pages\/2\/revisions\/33"}],"wp:attachment":[{"href":"https:\/\/hallbartbyggande.com\/bengtdahlgren\/wp-json\/wp\/v2\/media?parent=2"}],"curies":[{"name":"wp","href":"https:\/\/api.w.org\/{rel}","templated":true}]}}