										  
											  
											 {"id":8,"date":"2015-09-11T19:04:44","date_gmt":"2015-09-11T17:04:44","guid":{"rendered":"http:\/\/hallbartbyggande.com\/bastaonline\/?page_id=8"},"modified":"2025-01-09T12:48:35","modified_gmt":"2025-01-09T11:48:35","slug":"kontakt","status":"publish","type":"page","link":"https:\/\/hallbartbyggande.com\/bastaonline\/kontakt\/","title":{"rendered":"Kontakt"},"content":{"rendered":"<p><strong>Bes\u00f6ksadress:<\/strong><\/p>\n<p>Valhallav\u00e4gen 81<br \/>\n114 28 Stockholm<\/p>\n<p><strong>Vid taxiresor h\u00e4nvisa till:<\/strong><\/p>\n<p>Lindstedtsv\u00e4gen 6<br \/>\n114 27 Stockholm<\/p>\n<p><strong>Postadress:<\/strong><\/p>\n<p>BASTAonline AB<br \/>\nBox 210 60<br \/>\n100 31 Stockholm<\/p>\n<p><strong>Tel:<\/strong> 010-788 65 00<br \/>\n<strong>E-post:<\/strong> bastaonline@ivl.se<\/p>\n<p><span style=\"color: #0000ff;\"><strong><a style=\"color: #0000ff;\" href=\"http:\/\/www.bastaonline.se\" target=\"_blank\" rel=\"noopener\">www.bastaonline.se<\/a><\/strong><\/span><\/p>\n<p><strong>Kontaktperson:<\/strong><\/p>\n<p>Pehr H\u00e5rd, VD<br \/>\nE-post: <strong><span style=\"color: #0000ff;\"><a style=\"color: #0000ff;\" href=\"pehr.hard@ivl.se\">pehr.hard@ivl.se\u00a0<\/a><\/span><\/strong><\/p>\n","protected":false},"excerpt":{"rendered":"<p>Bes\u00f6ksadress: Valhallav\u00e4gen 81 114 28 Stockholm Vid taxiresor h\u00e4nvisa till: Lindstedtsv\u00e4gen 6 114 27 Stockholm Postadress: BASTAonline AB Box 210 60 100 31 Stockholm Tel: 010-788 65 00 E-post: bastaonline@ivl.se www.bastaonline.se Kontaktperson: Pehr H\u00e5rd, VD E-post: pehr.hard@ivl.se\u00a0<\/p>\n","protected":false},"author":1,"featured_media":0,"parent":0,"menu_order":0,"comment_status":"closed","ping_status":"closed","template":"","meta":{"_monsterinsights_skip_tracking":false,"_monsterinsights_sitenote_active":false,"_monsterinsights_sitenote_note":"","_monsterinsights_sitenote_category":0,"_links_to":"","_links_to_target":""},"_links":{"self":[{"href":"https:\/\/hallbartbyggande.com\/bastaonline\/wp-json\/wp\/v2\/pages\/8"}],"collection":[{"href":"https:\/\/hallbartbyggande.com\/bastaonline\/wp-json\/wp\/v2\/pages"}],"about":[{"href":"https:\/\/hallbartbyggande.com\/bastaonline\/wp-json\/wp\/v2\/types\/page"}],"author":[{"embeddable":true,"href":"https:\/\/hallbartbyggande.com\/bastaonline\/wp-json\/wp\/v2\/users\/1"}],"replies":[{"embeddable":true,"href":"https:\/\/hallbartbyggande.com\/bastaonline\/wp-json\/wp\/v2\/comments?post=8"}],"version-history":[{"count":6,"href":"https:\/\/hallbartbyggande.com\/bastaonline\/wp-json\/wp\/v2\/pages\/8\/revisions"}],"predecessor-version":[{"id":50,"href":"https:\/\/hallbartbyggande.com\/bastaonline\/wp-json\/wp\/v2\/pages\/8\/revisions\/50"}],"wp:attachment":[{"href":"https:\/\/hallbartbyggande.com\/bastaonline\/wp-json\/wp\/v2\/media?parent=8"}],"curies":[{"name":"wp","href":"https:\/\/api.w.org\/{rel}","templated":true}]}}