										  
											  
											 {"id":2,"date":"2015-09-11T18:36:12","date_gmt":"2015-09-11T16:36:12","guid":{"rendered":"http:\/\/hallbartbyggande.com\/bastaonline\/?page_id=2"},"modified":"2025-01-09T12:44:09","modified_gmt":"2025-01-09T11:44:09","slug":"om-basta-online","status":"publish","type":"page","link":"https:\/\/hallbartbyggande.com\/bastaonline\/om-basta-online\/","title":{"rendered":"Om BASTA"},"content":{"rendered":"<h2>BASTA-systemet \u2013 V\u00e4gen till Giftfritt Byggande<\/h2>\n<p>BASTA-systemet v\u00e4nder sig till alla som vill g\u00f6ra medvetna produktval i syftet att fasa ut \u00e4mnen med farliga egenskaper. Det kan vara alltifr\u00e5n fastighets\u00e4gare, entrepren\u00f6rer, arkitekter och byggkonstrukt\u00f6rer till privatpersoner.<\/p>\n<p><strong>OM BASTA<\/strong><br \/>\nBASTA-systemet \u00e4r ett helt \u00f6ppet system, d\u00e4r det \u00e4r m\u00f6jligt att hitta information om alla registrerade produkter (<strong><span style=\"color: #0000ff;\"><a style=\"color: #0000ff;\" href=\"https:\/\/www.bastaonline.se\/sok?q=&amp;page=1&amp;\">S\u00f6k | BASTA<\/a><\/span><\/strong>). Det \u00e4r ett egendeklarationssystem d\u00e4r producenter och leverant\u00f6rer ansvarar f\u00f6r att registrera bygg- och anl\u00e4ggningsprodukter utifr\u00e5n dess kemiska inneh\u00e5ll enligt kriterier kring h\u00e4lso- och milj\u00f6farlighet. Grunden f\u00f6r uppsatta kriterier \u00e4r den europeiska kemikalielagstiftningen REACH, CLP-f\u00f6rordningen som reglerar klassificering och m\u00e4rkning av kemiska produkter och Kemikalieinspektionens PRIO-verktyg (<strong><span style=\"color: #0000ff;\"><a style=\"color: #0000ff;\" href=\"https:\/\/www.bastaonline.se\/basta-systemet\/kriterier\">Kriterier | BASTA<\/a><\/span><\/strong>). Kriterierna utvecklas kontinuerligt d\u00e4r en vetenskaplig f\u00f6rankring \u00e4r mycket viktigt f\u00f6r att undvika godtyckliga eller individuella tolkningar.<\/p>\n<p><strong>BETYGSNIV\u00c5ER<\/strong><br \/>\nBASTA-systemet har tre betygsniv\u00e5er (<strong><span style=\"color: #0000ff;\"><a style=\"color: #0000ff;\" href=\"https:\/\/www.bastaonline.se\/basta-systemet\/betygsnivaer-symboler\">Betygsniv\u00e5er &amp; symboler | BASTA<\/a><\/span><\/strong>);<br \/>\nBASTA-niv\u00e5n \u00e4r h\u00f6gsta niv\u00e5n. Artiklar som uppfyller denna niv\u00e5 uppfyller kriterier som begr\u00e4nsar utfasnings\u00e4mnen och riskminsknings\u00e4mnen enligt Kemikalieinspektionens \u201dPRIO-verktyg\u201d.<br \/>\nBETA-niv\u00e5n \u00e4r den n\u00e4st h\u00f6gsta niv\u00e5n i systemet. Produkter som uppfyller denna niv\u00e5 uppfyller kriterier som begr\u00e4nsar utfasnings\u00e4mnen enligt Kemikalieinspektionens \u201dPRIO-verktyg\u201d.<br \/>\nDEKLARERAD &#8211; Produkter som registreras med denna betygsniv\u00e5 klarar inte samtliga kriterier f\u00f6r att n\u00e5 BASTA- eller BETA-niv\u00e5n. F\u00f6r att kunna registrera en produkt som DEKLARERAD kr\u00e4vs fortfarande fullst\u00e4ndig kunskap om produktens inneh\u00e5ll och vilka kriterier som uppfylls eller ej. Betyget anv\u00e4nds f\u00f6r att informera vilka h\u00e4lso- eller milj\u00f6farliga egenskaper som produkten har.<br \/>\nF\u00f6r att s\u00e4kerst\u00e4lla att den h\u00f6ga kvaliteten p\u00e5 registreringar av artiklar bibeh\u00e5lls, genomf\u00f6r BASTA kontinuerligt revisioner av registrerande f\u00f6retag.<\/p>\n<p><strong>REGISTRERING<\/strong><br \/>\nF\u00f6r att l\u00e4sa mer om vad som kr\u00e4vs om du vill registrera artiklar samt se aktuella \u00e5rsavgifter g\u00e5 in p\u00e5: <strong><span style=\"color: #0000ff;\"><a style=\"color: #0000ff;\" href=\"https:\/\/www.bastaonline.se\/registrera-artiklar\">Registrera artiklar | BASTA<\/a><\/span><\/strong><br \/>\nAlla registrerade artiklar har ett artikelkort d\u00e4r information finns om betyg, kriterieuppfyllnad, frivilliga kriterier samt hur artikeln klarar externa certifieringar och kravst\u00e4llare som EU-taxonomin, Milj\u00f6byggnad, BREEAM-SE, Trafikverket och PRIO. BASTAs m\u00e5ls\u00e4ttning \u00e4r ocks\u00e5 att sprida information om artiklar genom bland annat ett \u00f6ppet API och samarbetar bland annat med byggvaruhandeln f\u00f6r att f\u00e5 till en b\u00e4ttre exponering i webbutiker och ink\u00f6pssystem.<\/p>\n<p><strong>LOGGBOK<\/strong><br \/>\nBASTA har \u00e4ven ett l\u00e4ttanv\u00e4nt och kostnadseffektivt projektverktyg f\u00f6r loggbok, till exempel f\u00f6r att certifiera nybyggnationer i certifieringssystemet Milj\u00f6byggnad, d\u00e4r anv\u00e4ndare via direkts\u00f6kning i BASTA-databasen kan l\u00e4gga in aktuella produkter i bygg- och anl\u00e4ggningsprojekt.<\/p>\n<p><strong>VILL DU VETA MER?<\/strong><br \/>\nL\u00e4s mer p\u00e5 hemsidan: <strong><span style=\"color: #0000ff;\"><a style=\"color: #0000ff;\" href=\"https:\/\/www.bastaonline.se\/\">BASTA-systemet &#8211; M\u00f6jligg\u00f6rare f\u00f6r h\u00e5llbara produktval<\/a><\/span><\/strong><br \/>\nBASTA har m\u00e5nga kostnadsfria frukostevent och utbildningar under \u00e5ret (<strong><span style=\"color: #0000ff;\"><a style=\"color: #0000ff;\" href=\"https:\/\/www.bastaonline.se\/utbildningar-events\">Utbildningar &amp; events | BASTA<\/a><\/span><\/strong>).<br \/>\nF\u00f6r fr\u00e5gor, kontakta <strong><span style=\"color: #0000ff;\"><a style=\"color: #0000ff;\" href=\"bastaonline@ivl.se\">bastaonline@ivl.se<\/a><\/span><\/strong><\/p>\n<p>&nbsp;<\/p>\n<p>BASTA-systemet \u00e4r ett resultat av ett projekt som 2004 initierade av de fyra stora byggentrepren\u00f6rerna p\u00e5 den svenska marknaden \u2013 Peab, NCC, Skanska och JM \u2013 samt Sveriges Byggindustrier. Projektet samfinanserades av EU\u00b4s Life-fond och drevs av IVL Svenska Milj\u00f6institutet. Syftet med projektet var att enas kring kriterier f\u00f6r vilka \u00e4mnen som b\u00f6r fasas ut fr\u00e5n bygg- och anl\u00e4ggningsprodukter. Efter avslutat projekt startades bolaget BASTAonline AB, vilket idag \u00e4gs av IVL Svenska Milj\u00f6institutet och Sveriges Byggindustrier.<\/p>\n<p><a href=\"https:\/\/hallbartbyggande.com\/bastaonline\/wp-content\/blogs.dir\/sites\/91\/2018\/12\/Loggor.jpg\"><img decoding=\"async\" loading=\"lazy\" class=\"alignnone wp-image-17 size-large\" src=\"https:\/\/hallbartbyggande.com\/bastaonline\/wp-content\/blogs.dir\/sites\/91\/2018\/12\/Loggor-1024x197.jpg\" alt=\"\" width=\"785\" height=\"151\" srcset=\"https:\/\/hallbartbyggande.com\/bastaonline\/wp-content\/blogs.dir\/sites\/91\/2018\/12\/Loggor-1024x197.jpg 1024w, https:\/\/hallbartbyggande.com\/bastaonline\/wp-content\/blogs.dir\/sites\/91\/2018\/12\/Loggor-300x58.jpg 300w, https:\/\/hallbartbyggande.com\/bastaonline\/wp-content\/blogs.dir\/sites\/91\/2018\/12\/Loggor-768x148.jpg 768w, https:\/\/hallbartbyggande.com\/bastaonline\/wp-content\/blogs.dir\/sites\/91\/2018\/12\/Loggor-600x115.jpg 600w, https:\/\/hallbartbyggande.com\/bastaonline\/wp-content\/blogs.dir\/sites\/91\/2018\/12\/Loggor.jpg 1119w\" sizes=\"(max-width: 785px) 100vw, 785px\" \/><\/a><\/p>\n<p>BASTA hemsida: <strong><span style=\"color: #0000ff;\"><a style=\"color: #0000ff;\" href=\"http:\/\/www.bastaonline.se\">www.bastaonline.se<\/a><\/span><\/strong><\/p>\n<p>Kemikalieinspektionens PRIO-databas: <strong><span style=\"color: #0000ff;\"><a style=\"color: #0000ff;\" href=\"http:\/\/www.kemi.se\/prio-start\">http:\/\/www.kemi.se\/prio-start<\/a><\/span><\/strong><\/p>\n<p>REACH &#8211; Echa hemsida:\u00a0 <strong><span style=\"color: #0000ff;\"><a style=\"color: #0000ff;\" href=\"https:\/\/echa.europa.eu\/\">https:\/\/echa.europa.eu\/<\/a><\/span><\/strong><\/p>\n","protected":false},"excerpt":{"rendered":"<p>BASTA-systemet \u2013 V\u00e4gen till Giftfritt Byggande BASTA-systemet v\u00e4nder sig till alla som vill g\u00f6ra medvetna produktval i syftet att fasa ut \u00e4mnen med farliga egenskaper. Det kan vara alltifr\u00e5n fastighets\u00e4gare, entrepren\u00f6rer, arkitekter och byggkonstrukt\u00f6rer till privatpersoner. OM BASTA BASTA-systemet \u00e4r ett helt \u00f6ppet system, d\u00e4r det \u00e4r m\u00f6jligt att hitta information om alla registrerade produkter &#8230;<\/p>\n","protected":false},"author":94,"featured_media":0,"parent":0,"menu_order":0,"comment_status":"open","ping_status":"closed","template":"","meta":{"_monsterinsights_skip_tracking":false,"_monsterinsights_sitenote_active":false,"_monsterinsights_sitenote_note":"","_monsterinsights_sitenote_category":0,"_links_to":"","_links_to_target":""},"_links":{"self":[{"href":"https:\/\/hallbartbyggande.com\/bastaonline\/wp-json\/wp\/v2\/pages\/2"}],"collection":[{"href":"https:\/\/hallbartbyggande.com\/bastaonline\/wp-json\/wp\/v2\/pages"}],"about":[{"href":"https:\/\/hallbartbyggande.com\/bastaonline\/wp-json\/wp\/v2\/types\/page"}],"author":[{"embeddable":true,"href":"https:\/\/hallbartbyggande.com\/bastaonline\/wp-json\/wp\/v2\/users\/94"}],"replies":[{"embeddable":true,"href":"https:\/\/hallbartbyggande.com\/bastaonline\/wp-json\/wp\/v2\/comments?post=2"}],"version-history":[{"count":8,"href":"https:\/\/hallbartbyggande.com\/bastaonline\/wp-json\/wp\/v2\/pages\/2\/revisions"}],"predecessor-version":[{"id":49,"href":"https:\/\/hallbartbyggande.com\/bastaonline\/wp-json\/wp\/v2\/pages\/2\/revisions\/49"}],"wp:attachment":[{"href":"https:\/\/hallbartbyggande.com\/bastaonline\/wp-json\/wp\/v2\/media?parent=2"}],"curies":[{"name":"wp","href":"https:\/\/api.w.org\/{rel}","templated":true}]}}