										  
											  
											 {"id":9,"date":"2014-06-05T13:39:08","date_gmt":"2014-06-05T11:39:08","guid":{"rendered":"http:\/\/hallbartbyggande.com\/bacharkitekter\/?page_id=9"},"modified":"2014-06-05T13:40:22","modified_gmt":"2014-06-05T11:40:22","slug":"kontakt","status":"publish","type":"page","link":"https:\/\/hallbartbyggande.com\/bacharkitekter\/kontakt\/","title":{"rendered":"Kontakt"},"content":{"rendered":"<div>\n<h2><strong>Bach arkitekter AB<\/strong><\/h2>\n<p><strong>Adress:<\/strong> \u00a0Funckens Gr\u00e4nd 1, \u00a0111\u00a027 Stockholm<\/p>\n<p><strong>Telefon:<\/strong> 08-429 24 60<\/p>\n<p><strong>Parkering:\u00a0<\/strong>S\u00e4kraste st\u00e4llet att hitta parkeringsplats p\u00e5 i n\u00e4rheten \u00e4r\u00a0p\u00e5 Skeppsbron n\u00e4ra Djurg\u00e5rdsf\u00e4rjorna.<\/p>\n<\/div>\n","protected":false},"excerpt":{"rendered":"<p>Bach arkitekter AB Adress: \u00a0Funckens Gr\u00e4nd 1, \u00a0111\u00a027 Stockholm Telefon: 08-429 24 60 Parkering:\u00a0S\u00e4kraste st\u00e4llet att hitta parkeringsplats p\u00e5 i n\u00e4rheten \u00e4r\u00a0p\u00e5 Skeppsbron n\u00e4ra Djurg\u00e5rdsf\u00e4rjorna.<\/p>\n","protected":false},"author":1,"featured_media":0,"parent":0,"menu_order":0,"comment_status":"open","ping_status":"open","template":"","meta":{"_monsterinsights_skip_tracking":false,"_monsterinsights_sitenote_active":false,"_monsterinsights_sitenote_note":"","_monsterinsights_sitenote_category":0,"_links_to":"","_links_to_target":""},"_links":{"self":[{"href":"https:\/\/hallbartbyggande.com\/bacharkitekter\/wp-json\/wp\/v2\/pages\/9"}],"collection":[{"href":"https:\/\/hallbartbyggande.com\/bacharkitekter\/wp-json\/wp\/v2\/pages"}],"about":[{"href":"https:\/\/hallbartbyggande.com\/bacharkitekter\/wp-json\/wp\/v2\/types\/page"}],"author":[{"embeddable":true,"href":"https:\/\/hallbartbyggande.com\/bacharkitekter\/wp-json\/wp\/v2\/users\/1"}],"replies":[{"embeddable":true,"href":"https:\/\/hallbartbyggande.com\/bacharkitekter\/wp-json\/wp\/v2\/comments?post=9"}],"version-history":[{"count":3,"href":"https:\/\/hallbartbyggande.com\/bacharkitekter\/wp-json\/wp\/v2\/pages\/9\/revisions"}],"predecessor-version":[{"id":12,"href":"https:\/\/hallbartbyggande.com\/bacharkitekter\/wp-json\/wp\/v2\/pages\/9\/revisions\/12"}],"wp:attachment":[{"href":"https:\/\/hallbartbyggande.com\/bacharkitekter\/wp-json\/wp\/v2\/media?parent=9"}],"curies":[{"name":"wp","href":"https:\/\/api.w.org\/{rel}","templated":true}]}}