										  
											  
											 {"id":2,"date":"2014-06-05T08:17:40","date_gmt":"2014-06-05T08:17:40","guid":{"rendered":"http:\/\/hallbartbyggande.com\/bacharkitekter\/?page_id=2"},"modified":"2014-06-05T14:03:04","modified_gmt":"2014-06-05T12:03:04","slug":"om-bach-arkitekter","status":"publish","type":"page","link":"https:\/\/hallbartbyggande.com\/bacharkitekter\/om-bach-arkitekter\/","title":{"rendered":"Om Bach Arkitekter"},"content":{"rendered":"<h2>Bach arkitekter AB startades \u00e5r 2000 av Lone-Pia Bach och har f\u00f6r n\u00e4rvarande 6 anst\u00e4llda arkitekter och ingenj\u00f6rer.<\/h2>\n<p>Vi har v\u00e4l avv\u00e4gda kompetenser f\u00f6r utredningar, restaurerings- och ombyggnadsuppdrag i byggnader med kulturhistoriska v\u00e4rden och f\u00f6r nybyggnad.<\/p>\n<p>Kontoret arbetar i dag med uppdrag \u00f6ver hela Sverige, bl.a. som SFV\u00b4s husarkitekter f\u00f6r residenset i V\u00e4nersborg, Sagerska palatset och Harpsund &#8211; byggnader med extremt h\u00f6ga kvalitets- och s\u00e4kerhetskrav.<\/p>\n<p>Bach arkitekter har ofta varit generalkonsult och drivit projekt fr\u00e5n f\u00f6rsta skiss till inflyttning. Programarbete och funktionsanalyser i komplicerade strukturer \u00e4r en av kontorets styrkor. \u00a0Funktionalitet, kreativitet och design utifr\u00e5n fastighetens unika f\u00f6ruts\u00e4ttningar samt genuint material- och hantverkskunnande pr\u00e4glar Bach arkitekters formspr\u00e5k. Det l\u00e5ngsiktiga perspektivet som hj\u00e4lper best\u00e4llaren att f\u00f6rvalta fastigheter p\u00e5 ett l\u00e5ngsiktigt klokt s\u00e4tt \u00e4r en \u00f6vergripande tanke hos Bach arkitekter. Begreppet Second future har utvecklats av Bach arkitekter och handlar om detta.<\/p>\n<p><strong>M\u00e5l<\/strong>: L\u00e5ngsiktig l\u00f6nsamhet ur milj\u00f6m\u00e4ssigt, ekonomisk och teknisk perspektiv.<\/p>\n<p><strong>Metod<\/strong>: \u00a0Varje projekt \u00e4r unikt. Vi ser oss som l\u00f6sningsorienterade r\u00e5dgivare som genom vass analys, kreativitet och v\u00e4l f\u00f6rankrat kunnande driver projekten i m\u00e5l. Vi \u00e4r engagerade, tar helhetsansvar, s\u00f6ker samf\u00f6rst\u00e5nd och utvecklar processer f\u00f6r st\u00f6rsta kundnytta.<\/p>\n<p><strong>Inspiration<\/strong>: Lyft din fastighet utifr\u00e5n dess f\u00f6ruts\u00e4ttningar. Ge framtiden en ny m\u00f6jlighet!<\/p>\n<h2><strong>N\u00e5gra av v\u00e5ra best\u00e4llare:<\/strong><\/h2>\n<div>\n<p>Statens fastighetsverk, \u00a0Vasakronan, \u00a0Nationalmuseet, \u00a0Stadsholmen, \u00a0Johannes f\u00f6rsamling, \u00a0Folksam, \u00a0Moderna Museet, \u00a0Diligentia, \u00a0Brf Islandet Adolf, \u00a0Specialfastigheter, \u00a0HEFAB Fastighets AB, \u00a0Stockholms Lokaltrafik, Kungsholmens f\u00f6rsamling, \u00a0Folkoperan, \u00a0Stiftelsen Skansen, Ljuster\u00f6-Kulla f\u00f6rsamling, \u00a0Biskops Arn\u00f6 Nordens Folkh\u00f6gskola, Brf Storken, \u00a0Fortifikationsverket, \u00a0Helseplan, \u00a0Justitiekanslern, \u00a0V\u00e4stermalms f\u00f6rsamling, \u00a0Danska Ambassaden, \u00a0Birgittasystrarna, \u00a0Danske Bank, \u00a0Stiftelsen Nordiska museet, \u00a0V\u00e4stmanlands l\u00e4ns museeum<\/p>\n<\/div>\n","protected":false},"excerpt":{"rendered":"<p>Bach arkitekter AB startades \u00e5r 2000 av Lone-Pia Bach och har f\u00f6r n\u00e4rvarande 6 anst\u00e4llda arkitekter och ingenj\u00f6rer. Vi har v\u00e4l avv\u00e4gda kompetenser f\u00f6r utredningar, restaurerings- och ombyggnadsuppdrag i byggnader med kulturhistoriska v\u00e4rden och f\u00f6r nybyggnad. Kontoret arbetar i dag med uppdrag \u00f6ver hela Sverige, bl.a. som SFV\u00b4s husarkitekter f\u00f6r residenset i V\u00e4nersborg, Sagerska palatset &#8230;<\/p>\n","protected":false},"author":27,"featured_media":0,"parent":0,"menu_order":0,"comment_status":"open","ping_status":"open","template":"","meta":{"_monsterinsights_skip_tracking":false,"_monsterinsights_sitenote_active":false,"_monsterinsights_sitenote_note":"","_monsterinsights_sitenote_category":0,"_links_to":"","_links_to_target":""},"_links":{"self":[{"href":"https:\/\/hallbartbyggande.com\/bacharkitekter\/wp-json\/wp\/v2\/pages\/2"}],"collection":[{"href":"https:\/\/hallbartbyggande.com\/bacharkitekter\/wp-json\/wp\/v2\/pages"}],"about":[{"href":"https:\/\/hallbartbyggande.com\/bacharkitekter\/wp-json\/wp\/v2\/types\/page"}],"author":[{"embeddable":true,"href":"https:\/\/hallbartbyggande.com\/bacharkitekter\/wp-json\/wp\/v2\/users\/27"}],"replies":[{"embeddable":true,"href":"https:\/\/hallbartbyggande.com\/bacharkitekter\/wp-json\/wp\/v2\/comments?post=2"}],"version-history":[{"count":6,"href":"https:\/\/hallbartbyggande.com\/bacharkitekter\/wp-json\/wp\/v2\/pages\/2\/revisions"}],"predecessor-version":[{"id":21,"href":"https:\/\/hallbartbyggande.com\/bacharkitekter\/wp-json\/wp\/v2\/pages\/2\/revisions\/21"}],"wp:attachment":[{"href":"https:\/\/hallbartbyggande.com\/bacharkitekter\/wp-json\/wp\/v2\/media?parent=2"}],"curies":[{"name":"wp","href":"https:\/\/api.w.org\/{rel}","templated":true}]}}