										  
											  
											 {"id":15,"date":"2014-06-05T13:22:07","date_gmt":"2014-06-05T11:22:07","guid":{"rendered":"http:\/\/hallbartbyggande.com\/aix\/?page_id=15"},"modified":"2019-10-14T15:23:35","modified_gmt":"2019-10-14T13:23:35","slug":"om-aix","status":"publish","type":"page","link":"https:\/\/hallbartbyggande.com\/aix\/om-aix\/","title":{"rendered":"Om AIX"},"content":{"rendered":"<p><strong>AIX Arkitekter AB<\/strong> bildades 2001 genom en f\u00f6rening av f\u00f6retagen Arksam, Myrenbergs, Can, Arteno, Johansson &amp; Uppling och Nystr\u00f6m plankontor. AIX engagerar f\u00f6r n\u00e4rvarande drygt 90 personer inom verksamhetsf\u00e4lten stadsbyggnad, nybyggnad och ombyggnad\/restaurering.<\/p>\n<p>Bland AIX medarbetare finns m\u00e5nga med vidareutbildning fr\u00e5n Kungl. Konsth\u00f6gskolans kurser i restaurering och byggnadskonst. AIX arkitekter kompletteras av byggnadsantikvarier, inredningsarkitekter, byggnadsingenj\u00f6rer, belysnings- och teatertekniker samt administrativ personal f\u00f6r ekonomi, kommunikation och IT-st\u00f6d. Kontoret har en j\u00e4mn f\u00f6rdelning mellan m\u00e4n och kvinnor och kan redovisa ett stort antal anst\u00e4llda med utl\u00e4ndsk bakgrund. Det inneb\u00e4r tillg\u00e5ng till kulturella referenser med ursprung \u00e4ven utanf\u00f6r Europa.<\/p>\n<p><strong>F\u00f6retagets vision \u00e4r:<\/strong> Arkitektur g\u00f6r skillnad. AIX tj\u00e4nster skall leda till ett b\u00e4ttre samh\u00e4lle.<\/p>\n<p><strong>V\u00e5r aff\u00e4rsid\u00e9 lyder:<\/strong> AIX Arkitekter \u00e4r ett f\u00f6retag som skall tillh\u00f6ra de fr\u00e4msta inom stadsbyggnad, nybyggnad och restaurering. Med kunskap om det byggda kulturarvet skapar vi samtida arkitektur. I n\u00e4ra dialog med v\u00e5ra kunder utvecklar vi l\u00e5ngsiktigt v\u00e4rdefulla milj\u00f6er.<\/p>\n<p>&nbsp;<\/p>\n<h2>H\u00e5llbarhet<\/h2>\n<p>V\u00e5rt fokus p\u00e5 h\u00e5llbarhet underbyggs av AIX m\u00e5nga erfarenheter fr\u00e5n ansvarsfullt tillvaratagande av \u00e4ldre- och kulturskyddade byggnader. Bevarande och f\u00f6rnyelse av befintliga byggnader \u00e4r god resurshush\u00e5llning. Denna socialt och verksamhetsinriktade inst\u00e4llning till h\u00e5llbarhet kompletterar vi med goda kunskaper i modern tr\u00e4byggnadsteknik. AIX har sen drygt tjugo \u00e5r tillbaka varit med i utvecklingen av en ny generation flerv\u00e5nings bostadshus, hotellbyggnader och industrihallar i tr\u00e4. Vi har p\u00e5 uppdrag av Skogsindustrierna, Svenskt Tr\u00e4, European Wood och Sveriges Tr\u00e4byggnadskansli deltagit i marknadsf\u00f6ringen av svenskt ansvarsfullt skogsbruk, tr\u00e4industri och tr\u00e4arkitektur inf\u00f6r v\u00e4rldens stora urbaniseringsomr\u00e5den i Sydostasien och Latinamerika.<\/p>\n","protected":false},"excerpt":{"rendered":"<p>AIX Arkitekter AB bildades 2001 genom en f\u00f6rening av f\u00f6retagen Arksam, Myrenbergs, Can, Arteno, Johansson &amp; Uppling och Nystr\u00f6m plankontor. AIX engagerar f\u00f6r n\u00e4rvarande drygt 90 personer inom verksamhetsf\u00e4lten stadsbyggnad, nybyggnad och ombyggnad\/restaurering. Bland AIX medarbetare finns m\u00e5nga med vidareutbildning fr\u00e5n Kungl. Konsth\u00f6gskolans kurser i restaurering och byggnadskonst. AIX arkitekter kompletteras av byggnadsantikvarier, inredningsarkitekter, byggnadsingenj\u00f6rer, &#8230;<\/p>\n","protected":false},"author":1,"featured_media":0,"parent":0,"menu_order":0,"comment_status":"open","ping_status":"open","template":"","meta":{"_monsterinsights_skip_tracking":false,"_monsterinsights_sitenote_active":false,"_monsterinsights_sitenote_note":"","_monsterinsights_sitenote_category":0,"_links_to":"","_links_to_target":""},"_links":{"self":[{"href":"https:\/\/hallbartbyggande.com\/aix\/wp-json\/wp\/v2\/pages\/15"}],"collection":[{"href":"https:\/\/hallbartbyggande.com\/aix\/wp-json\/wp\/v2\/pages"}],"about":[{"href":"https:\/\/hallbartbyggande.com\/aix\/wp-json\/wp\/v2\/types\/page"}],"author":[{"embeddable":true,"href":"https:\/\/hallbartbyggande.com\/aix\/wp-json\/wp\/v2\/users\/1"}],"replies":[{"embeddable":true,"href":"https:\/\/hallbartbyggande.com\/aix\/wp-json\/wp\/v2\/comments?post=15"}],"version-history":[{"count":9,"href":"https:\/\/hallbartbyggande.com\/aix\/wp-json\/wp\/v2\/pages\/15\/revisions"}],"predecessor-version":[{"id":69,"href":"https:\/\/hallbartbyggande.com\/aix\/wp-json\/wp\/v2\/pages\/15\/revisions\/69"}],"wp:attachment":[{"href":"https:\/\/hallbartbyggande.com\/aix\/wp-json\/wp\/v2\/media?parent=15"}],"curies":[{"name":"wp","href":"https:\/\/api.w.org\/{rel}","templated":true}]}}